{"id":10782,"date":"2024-10-29T09:57:42","date_gmt":"2024-10-29T08:57:42","guid":{"rendered":"https:\/\/xn--marskpizza-rm-mnbb.dk\/korb\/"},"modified":"2024-10-29T09:57:42","modified_gmt":"2024-10-29T08:57:42","slug":"korb","status":"publish","type":"page","link":"https:\/\/xn--marskpizza-rm-mnbb.dk\/de\/korb\/","title":{"rendered":"Korb"},"content":{"rendered":"\n","protected":false},"excerpt":{"rendered":"","protected":false},"author":1,"featured_media":0,"parent":0,"menu_order":0,"comment_status":"closed","ping_status":"closed","template":"","meta":{"footnotes":""},"class_list":["post-10782","page","type-page","status-publish","hentry"],"yoast_head":"<!-- This site is optimized with the Yoast SEO Premium plugin v23.2 (Yoast SEO v27.4) - https:\/\/yoast.com\/product\/yoast-seo-premium-wordpress\/ -->\n<title>Korb - Marsk Pizza R\u00f8m\u00f8<\/title>\n<meta name=\"robots\" content=\"index, follow, max-snippet:-1, max-image-preview:large, max-video-preview:-1\" \/>\n<link rel=\"canonical\" href=\"https:\/\/xn--marskpizza-rm-mnbb.dk\/de\/korb\/\" \/>\n<meta property=\"og:locale\" content=\"de_DE\" \/>\n<meta property=\"og:type\" content=\"article\" \/>\n<meta property=\"og:title\" content=\"Korb\" \/>\n<meta property=\"og:url\" content=\"https:\/\/xn--marskpizza-rm-mnbb.dk\/de\/korb\/\" \/>\n<meta property=\"og:site_name\" content=\"Marsk Pizza R\u00f8m\u00f8\" \/>\n<meta name=\"twitter:card\" content=\"summary_large_image\" \/>\n<script type=\"application\/ld+json\" class=\"yoast-schema-graph\">{\"@context\":\"https:\\\/\\\/schema.org\",\"@graph\":[{\"@type\":\"WebPage\",\"@id\":\"https:\\\/\\\/xn--marskpizza-rm-mnbb.dk\\\/de\\\/korb\\\/\",\"url\":\"https:\\\/\\\/xn--marskpizza-rm-mnbb.dk\\\/de\\\/korb\\\/\",\"name\":\"Korb - Marsk Pizza R\u00f8m\u00f8\",\"isPartOf\":{\"@id\":\"https:\\\/\\\/xn--marskpizza-rm-mnbb.dk\\\/de\\\/#website\"},\"datePublished\":\"2024-10-29T08:57:42+00:00\",\"breadcrumb\":{\"@id\":\"https:\\\/\\\/xn--marskpizza-rm-mnbb.dk\\\/de\\\/korb\\\/#breadcrumb\"},\"inLanguage\":\"de\",\"potentialAction\":[{\"@type\":\"ReadAction\",\"target\":[\"https:\\\/\\\/xn--marskpizza-rm-mnbb.dk\\\/de\\\/korb\\\/\"]}]},{\"@type\":\"BreadcrumbList\",\"@id\":\"https:\\\/\\\/xn--marskpizza-rm-mnbb.dk\\\/de\\\/korb\\\/#breadcrumb\",\"itemListElement\":[{\"@type\":\"ListItem\",\"position\":1,\"name\":\"Hjem\",\"item\":\"https:\\\/\\\/xn--marskpizza-rm-mnbb.dk\\\/de\\\/\"},{\"@type\":\"ListItem\",\"position\":2,\"name\":\"Korb\"}]},{\"@type\":\"WebSite\",\"@id\":\"https:\\\/\\\/xn--marskpizza-rm-mnbb.dk\\\/de\\\/#website\",\"url\":\"https:\\\/\\\/xn--marskpizza-rm-mnbb.dk\\\/de\\\/\",\"name\":\"Marsk Pizza R\u00f8m\u00f8\",\"description\":\"Pizza - Burger - Calzone Pizza - Pitabr\u00f8d - Grill retter - Durum - Pastaretter i R\u00f8m\u00f8\",\"potentialAction\":[{\"@type\":\"SearchAction\",\"target\":{\"@type\":\"EntryPoint\",\"urlTemplate\":\"https:\\\/\\\/xn--marskpizza-rm-mnbb.dk\\\/de\\\/?s={search_term_string}\"},\"query-input\":{\"@type\":\"PropertyValueSpecification\",\"valueRequired\":true,\"valueName\":\"search_term_string\"}}],\"inLanguage\":\"de\"}]}<\/script>\n<!-- \/ Yoast SEO Premium plugin. -->","yoast_head_json":{"title":"Korb - Marsk Pizza R\u00f8m\u00f8","robots":{"index":"index","follow":"follow","max-snippet":"max-snippet:-1","max-image-preview":"max-image-preview:large","max-video-preview":"max-video-preview:-1"},"canonical":"https:\/\/xn--marskpizza-rm-mnbb.dk\/de\/korb\/","og_locale":"de_DE","og_type":"article","og_title":"Korb","og_url":"https:\/\/xn--marskpizza-rm-mnbb.dk\/de\/korb\/","og_site_name":"Marsk Pizza R\u00f8m\u00f8","twitter_card":"summary_large_image","schema":{"@context":"https:\/\/schema.org","@graph":[{"@type":"WebPage","@id":"https:\/\/xn--marskpizza-rm-mnbb.dk\/de\/korb\/","url":"https:\/\/xn--marskpizza-rm-mnbb.dk\/de\/korb\/","name":"Korb - Marsk Pizza R\u00f8m\u00f8","isPartOf":{"@id":"https:\/\/xn--marskpizza-rm-mnbb.dk\/de\/#website"},"datePublished":"2024-10-29T08:57:42+00:00","breadcrumb":{"@id":"https:\/\/xn--marskpizza-rm-mnbb.dk\/de\/korb\/#breadcrumb"},"inLanguage":"de","potentialAction":[{"@type":"ReadAction","target":["https:\/\/xn--marskpizza-rm-mnbb.dk\/de\/korb\/"]}]},{"@type":"BreadcrumbList","@id":"https:\/\/xn--marskpizza-rm-mnbb.dk\/de\/korb\/#breadcrumb","itemListElement":[{"@type":"ListItem","position":1,"name":"Hjem","item":"https:\/\/xn--marskpizza-rm-mnbb.dk\/de\/"},{"@type":"ListItem","position":2,"name":"Korb"}]},{"@type":"WebSite","@id":"https:\/\/xn--marskpizza-rm-mnbb.dk\/de\/#website","url":"https:\/\/xn--marskpizza-rm-mnbb.dk\/de\/","name":"Marsk Pizza R\u00f8m\u00f8","description":"Pizza - Burger - Calzone Pizza - Pitabr\u00f8d - Grill retter - Durum - Pastaretter i R\u00f8m\u00f8","potentialAction":[{"@type":"SearchAction","target":{"@type":"EntryPoint","urlTemplate":"https:\/\/xn--marskpizza-rm-mnbb.dk\/de\/?s={search_term_string}"},"query-input":{"@type":"PropertyValueSpecification","valueRequired":true,"valueName":"search_term_string"}}],"inLanguage":"de"}]}},"_links":{"self":[{"href":"https:\/\/xn--marskpizza-rm-mnbb.dk\/de\/wp-json\/wp\/v2\/pages\/10782","targetHints":{"allow":["GET"]}}],"collection":[{"href":"https:\/\/xn--marskpizza-rm-mnbb.dk\/de\/wp-json\/wp\/v2\/pages"}],"about":[{"href":"https:\/\/xn--marskpizza-rm-mnbb.dk\/de\/wp-json\/wp\/v2\/types\/page"}],"author":[{"embeddable":true,"href":"https:\/\/xn--marskpizza-rm-mnbb.dk\/de\/wp-json\/wp\/v2\/users\/1"}],"replies":[{"embeddable":true,"href":"https:\/\/xn--marskpizza-rm-mnbb.dk\/de\/wp-json\/wp\/v2\/comments?post=10782"}],"version-history":[{"count":0,"href":"https:\/\/xn--marskpizza-rm-mnbb.dk\/de\/wp-json\/wp\/v2\/pages\/10782\/revisions"}],"wp:attachment":[{"href":"https:\/\/xn--marskpizza-rm-mnbb.dk\/de\/wp-json\/wp\/v2\/media?parent=10782"}],"curies":[{"name":"wp","href":"https:\/\/api.w.org\/{rel}","templated":true}]}}