{"id":10793,"date":"2024-11-01T08:09:17","date_gmt":"2024-11-01T07:09:17","guid":{"rendered":"https:\/\/xn--marskpizza-rm-mnbb.dk\/bedingungen-und-konditionen\/"},"modified":"2026-04-16T10:47:56","modified_gmt":"2026-04-16T08:47:56","slug":"bedingungen-und-konditionen","status":"publish","type":"page","link":"https:\/\/xn--marskpizza-rm-mnbb.dk\/de\/bedingungen-und-konditionen\/","title":{"rendered":"Bedingungen und Konditionen"},"content":{"rendered":"<div class=\"wpb-content-wrapper\"><p>[vc_row][vc_column][vc_column_text css=\"\" woodmart_inline=\"no\" text_larger=\"no\"]<span style=\"font-weight: 400;\">Allgemeine Gesch\u00e4ftsbedingungen bei Marsk Pizzaria<\/span><\/p>\n<p><span style=\"font-weight: 400;\">Allgemeine Informationen<\/span><\/p>\n<p>Marsk Pizzaria<\/p>\n<p><span style=\"font-weight: 400;\">Havnebyvej 102,<br \/>\n6792 R\u00f8m\u00f8, D\u00e4nemark<br \/>\n<\/span><span style=\"font-weight: 400;\">CVR-Nr.: 39837447<\/span><span style=\"font-weight: 400;\"><br \/>\n<\/span><span style=\"font-weight: 400;\">Telefon: +45 42 15 16 99<\/span><span style=\"font-weight: 400;\"><br \/>\n<\/span><span style=\"font-weight: 400;\">E-Mail: info@marskpizza-r\u00f8m\u00f8.dk<\/span><\/p>\n<p>&nbsp;<\/p>\n<p><span style=\"font-weight: 400;\">Kaufen \u00fcber marskpizza-r\u00f8m\u00f8.dk<\/span><\/p>\n<p><span style=\"font-weight: 400;\">Vorbehalten sind: Druckfehler, Rechtschreibfehler, \u00c4nderungen von Speisekarten und Angeboten. Alle Rechtsbeziehungen, die sich aus diesem Rahmenvertrag und allen Vertragsmodulen ergeben, die zwischen dem Vertragspartner und Marsk Pizzaria<\/span><span style=\"font-weight: 400;\">unterliegen dem d\u00e4nischen Recht.<\/span><\/p>\n<p><span style=\"font-weight: 400;\">Au\u00dferdem beh\u00e4lt sich Marsk Pizzaria das Recht auf verz\u00f6gerte Lieferzeiten und ausverkaufte Artikel vor.<\/span><span style=\"font-weight: 400;\">. Wir tun jedoch immer alles, was wir k\u00f6nnen, um die Erwartungen unserer Kunden zu erf\u00fcllen.<\/span><\/p>\n<p><span style=\"font-weight: 400;\">Alle unsere Preise enthalten die Mehrwertsteuer.<\/span><\/p>\n<p><span style=\"font-weight: 400;\">Angebote und Rabatte k\u00f6nnen nicht kombiniert werden, sofern nicht anders angegeben.<\/span><\/p>\n<p><span style=\"font-weight: 400;\">Die Abholangebote gelten nicht an Feiertagen.<\/span><\/p>\n<p><span style=\"font-weight: 400;\">Beim Kauf bei Marsk Pizzaria<\/span><span style=\"font-weight: 400;\"> gibt es kein Widerrufs- oder R\u00fcckgaberecht, da der Kauf Lebensmittel beinhaltet.<\/span><\/p>\n<p><b>Preise und Bezahlung<\/b><\/p>\n<p><span style=\"font-weight: 400;\">Alle Preise sind in DKK inklusive Mehrwertsteuer angegeben.<\/span><\/p>\n<p><span style=\"font-weight: 400;\">marskpizza-r\u00f8m\u00f8.dk akzeptiert die Zahlung mit VISA-Dankort, VISA, VISA Electron, Mastercard. Die Zahlung wird erst dann von Ihrem Konto abgebucht, wenn der Artikel abgeholt wird. Alle Betr\u00e4ge sind in DKK. D\u00e4nische Kronen und inkl. MwSt. Reservierungen werden f\u00fcr Preisfehler und ausverkaufte\/ausgelaufene Artikel vorgenommen.<\/span><\/p>\n<p><span style=\"font-weight: 400;\">Bei Abholung werden Ihnen keine zus\u00e4tzlichen Kosten \u00fcber die ausgew\u00e4hlten Produkte hinaus berechnet. Wir haben keinen Lieferservice. <\/span><\/p>\n<p><span style=\"font-weight: 400;\">Sie k\u00f6nnen mit Bargeld, Dankort, Visa oder MasterCard bezahlen. Wenn Sie unsere Online-Zahlungsmethoden verwenden, werden Sie m\u00f6glicherweise aufgefordert, weitere pers\u00f6nliche Daten anzugeben. Bei der Verwendung von Kartendaten m\u00fcssen Sie sich vergewissern, dass Sie zum jeweiligen Zeitpunkt die volle Berechtigung zur Verwendung der Karte haben. Der Betrag Ihrer Bestellung wird reserviert, wenn die Bestellung von unseren Take-Away-Restaurants angenommen wird. Der Betrag wird erst abgebucht, wenn die Bestellung als geliefert gilt. Die Informationen und die Sicherheit bei der Zahlung per Debit- oder Kreditkarte werden verschl\u00fcsselt an Worldline weitergeleitet. Ihre Kartendaten werden nicht bei uns gespeichert.      <\/span><\/p>\n<p><span style=\"font-weight: 400;\">Auf marskpizza-r\u00f8m\u00f8.dk<\/span><span style=\"font-weight: 400;\"> ist es m\u00f6glich, bei der Abholung online zu bezahlen.<\/span><\/p>\n<p><b>Ihre Bestellung<\/b><\/p>\n<p><span style=\"font-weight: 400;\">Sobald Sie die Produkte, die Sie bestellen m\u00f6chten, aus dem Men\u00fc ausgew\u00e4hlt und andere notwendige Informationen angegeben haben, erhalten Sie die M\u00f6glichkeit, Ihre Bestellung durch Anklicken der Schaltfl\u00e4che \"Zur Kasse\" aufzugeben. Es ist wichtig, dass Sie eventuelle Fehler eingeben und korrigieren, bevor Sie auf die Schaltfl\u00e4che klicken, da Tippfehler nicht mehr korrigiert werden k\u00f6nnen, nachdem Sie auf diese Schaltfl\u00e4che geklickt haben. <\/span><\/p>\n<p><span style=\"font-weight: 400;\">Sobald Sie Ihre Bestellung aufgegeben haben und Ihre Zahlung autorisiert wurde, k\u00f6nnen Sie Ihre Bestellung nicht mehr \u00e4ndern oder stornieren und erhalten auch keine R\u00fcckerstattung mehr. Wenn Sie Ihre Bestellung \u00e4ndern oder stornieren m\u00f6chten, k\u00f6nnen Sie sich wie im Abschnitt Kundenservice beschrieben an den Kundenservice wenden, der versuchen wird, das Restaurant zu kontaktieren und es \u00fcber Ihre W\u00fcnsche zu informieren. Es gibt jedoch keine Garantie, dass das Restaurant Ihren Wunsch akzeptiert, da es m\u00f6glicherweise bereits mit der Zubereitung Ihrer Bestellung begonnen hat. Wir bereiten das Essen sofort nach Ihrer Bestellung zu. Deshalb erstatten wir im Falle einer Stornierung die Zahlung f\u00fcr das Essen nicht zur\u00fcck, denn mit Ihrer Bestellung verpflichten Sie sich, die bestellte Ware zu erhalten.   <\/span><\/p>\n<p><span style=\"font-weight: 400;\">Es liegt auch in der Verantwortung des Kunden, daf\u00fcr zu sorgen, dass wir ihn telefonisch erreichen k\u00f6nnen, wenn wir dies im Zusammenhang mit der Bestellung ben\u00f6tigen.<\/span><\/p>\n<p><b>Recht auf Beschwerde<\/b><\/p>\n<p><span style=\"font-weight: 400;\">Jede Bestellung gilt nach der Best\u00e4tigung als begonnen. Das Widerrufsrecht muss innerhalb einer angemessenen Frist und bevor der Auftrag in Produktion geht, ausge\u00fcbt werden. Nach dem d\u00e4nischen Gesetz \u00fcber den Verkauf von Waren gibt es kein Widerrufsrecht f\u00fcr Lebensmittel, da diese eine nat\u00fcrliche Haltbarkeit haben.  <\/span><\/p>\n<p><b>Abgelehnte und stornierte Auftr\u00e4ge<\/b><\/p>\n<p><span style=\"font-weight: 400;\">Sobald Sie eine Bestellung aufgegeben haben, die Sie per Kreditkarte bezahlen, und Ihre Zahlung autorisiert wurde, wird Ihre Bank aufgrund von Bankverfahren den gesamten Betrag Ihrer Bestellung \"reservieren\". Wenn die Bestellung anschlie\u00dfend abgelehnt oder storniert wird, \u00fcberweist die Bank den Betrag nicht an uns, sondern gibt ihn auf Ihrem Konto frei. Dies kann zwischen 3 und 5 Arbeitstagen (oder l\u00e4nger, je nach Bank) dauern. Sie erkl\u00e4ren sich damit einverstanden, dass wir Ihnen gegen\u00fcber nicht f\u00fcr diese Verz\u00f6gerung bei der Freigabe des Geldes auf Ihr Konto durch die Bank haftbar gemacht werden k\u00f6nnen.   <\/span><\/p>\n<p><b>Rechtliche Angelegenheiten<\/b><\/p>\n<p><span style=\"font-weight: 400;\">Indem Sie eine Bestellung auf der Website aufgeben, garantieren Sie, dass Sie rechtlich in der Lage sind, verbindliche Vereinbarungen zu treffen und dass Sie \u00fcber 18 Jahre alt sind.<\/span><\/p>\n<p><b>Geschenkgutscheine  <\/b><\/p>\n<p><span style=\"font-weight: 400;\">Wir bieten keine Geschenkkarten an.<\/span><\/p>\n<p><b>Rechtswahl und Gerichtsbarkeit<\/b><\/p>\n<p><span style=\"font-weight: 400;\">Diese Bedingungen unterliegen dem d\u00e4nischen Recht und sind in \u00dcbereinstimmung mit diesem auszulegen. Alle Streitigkeiten, die sich aus oder im Zusammenhang mit diesen Bedingungen ergeben, sind von den d\u00e4nischen Gerichten zu entscheiden. <\/span><\/p>\n<p><b>Lieferung  <\/b><\/p>\n<p><span style=\"font-weight: 400;\">Wir haben keine Lieferung.  <\/span><span style=\"font-weight: 400;\"><br \/>\n<\/span><\/p>\n<p><b>Andere<\/b><\/p>\n<p><span style=\"font-weight: 400;\">Wir haben die Richtigkeit dieses Inhalts nicht \u00fcberpr\u00fcft. Es liegt in der alleinigen Verantwortung der Restaurants, sie auf dem neuesten Stand zu halten. Wenn Sie den Verdacht haben, dass der Inhalt nicht korrekt ist, oder im Falle eines Streits zwischen Ihnen und unserem Imbissrestaurant, wenden Sie sich bitte an unseren Kundenservice, der Ihren Fall so gut wie m\u00f6glich bearbeiten wird. Unsere Restaurants zum Mitnehmen behalten sich das Recht vor, jeden Nutzer abzulehnen.   <\/span><\/p>\n<p><span style=\"font-weight: 400;\">Der Missbrauch von Informationen, Zahlungs- und Kreditkarten hat eine direkte Anzeige bei der Polizei zur Folge. Wir speichern alle IP-Adressen. <\/span><\/p>\n<p><span style=\"font-weight: 400;\">Sollten Sie weitere Fragen haben, k\u00f6nnen Sie sich gerne an unseren Kundenservice wenden.<\/span><\/p>\n<p><b>Copyright 2026<\/b><\/p>\n<p>&nbsp;<\/p>\n<div id=\"gtx-trans\" style=\"position: absolute; left: 181px; top: 334px;\">\n<div class=\"gtx-trans-icon\"><\/div>\n<\/div>\n<p>[\/vc_column_text][\/vc_column][\/vc_row]<\/p>\n<\/div>","protected":false},"excerpt":{"rendered":"<p>[vc_row][vc_column][vc_column_text css=\"\" woodmart_inline=\"no\" text_larger=\"no\"]Allgemeine Gesch\u00e4ftsbedingungen bei Marsk Pizzaria Allgemeine Informationen Marsk Pizzaria Havnebyvej 102, 6792 R\u00f8m\u00f8, D\u00e4nemark CVR-Nr.: 39837447 Telefon:<\/p>\n","protected":false},"author":1,"featured_media":0,"parent":0,"menu_order":0,"comment_status":"closed","ping_status":"closed","template":"","meta":{"footnotes":""},"class_list":["post-10793","page","type-page","status-publish","hentry"],"yoast_head":"<!-- This site is optimized with the Yoast SEO Premium plugin v23.2 (Yoast SEO v27.4) - https:\/\/yoast.com\/product\/yoast-seo-premium-wordpress\/ -->\n<title>Bedingungen und Konditionen - Marsk Pizza R\u00f8m\u00f8<\/title>\n<meta name=\"robots\" content=\"index, follow, max-snippet:-1, max-image-preview:large, max-video-preview:-1\" \/>\n<link rel=\"canonical\" href=\"https:\/\/xn--marskpizza-rm-mnbb.dk\/de\/bedingungen-und-konditionen\/\" \/>\n<meta property=\"og:locale\" content=\"de_DE\" \/>\n<meta property=\"og:type\" content=\"article\" \/>\n<meta property=\"og:title\" content=\"Bedingungen und Konditionen\" \/>\n<meta property=\"og:description\" content=\"[vc_row][vc_column][vc_column_text css=&quot;&quot; woodmart_inline=&quot;no&quot; text_larger=&quot;no&quot;]Allgemeine Gesch\u00e4ftsbedingungen bei Marsk Pizzaria Allgemeine Informationen Marsk Pizzaria Havnebyvej 102, 6792 R\u00f8m\u00f8, D\u00e4nemark CVR-Nr.: 39837447 Telefon:\" \/>\n<meta property=\"og:url\" content=\"https:\/\/xn--marskpizza-rm-mnbb.dk\/de\/bedingungen-und-konditionen\/\" \/>\n<meta property=\"og:site_name\" content=\"Marsk Pizza R\u00f8m\u00f8\" \/>\n<meta property=\"article:modified_time\" content=\"2026-04-16T08:47:56+00:00\" \/>\n<meta name=\"twitter:card\" content=\"summary_large_image\" \/>\n<meta name=\"twitter:label1\" content=\"Gesch\u00e4tzte Lesezeit\" \/>\n\t<meta name=\"twitter:data1\" content=\"5\u00a0Minuten\" \/>\n<script type=\"application\/ld+json\" class=\"yoast-schema-graph\">{\"@context\":\"https:\\\/\\\/schema.org\",\"@graph\":[{\"@type\":\"WebPage\",\"@id\":\"https:\\\/\\\/xn--marskpizza-rm-mnbb.dk\\\/de\\\/bedingungen-und-konditionen\\\/\",\"url\":\"https:\\\/\\\/xn--marskpizza-rm-mnbb.dk\\\/de\\\/bedingungen-und-konditionen\\\/\",\"name\":\"Bedingungen und Konditionen - Marsk Pizza R\u00f8m\u00f8\",\"isPartOf\":{\"@id\":\"https:\\\/\\\/xn--marskpizza-rm-mnbb.dk\\\/de\\\/#website\"},\"datePublished\":\"2024-11-01T07:09:17+00:00\",\"dateModified\":\"2026-04-16T08:47:56+00:00\",\"breadcrumb\":{\"@id\":\"https:\\\/\\\/xn--marskpizza-rm-mnbb.dk\\\/de\\\/bedingungen-und-konditionen\\\/#breadcrumb\"},\"inLanguage\":\"de\",\"potentialAction\":[{\"@type\":\"ReadAction\",\"target\":[\"https:\\\/\\\/xn--marskpizza-rm-mnbb.dk\\\/de\\\/bedingungen-und-konditionen\\\/\"]}]},{\"@type\":\"BreadcrumbList\",\"@id\":\"https:\\\/\\\/xn--marskpizza-rm-mnbb.dk\\\/de\\\/bedingungen-und-konditionen\\\/#breadcrumb\",\"itemListElement\":[{\"@type\":\"ListItem\",\"position\":1,\"name\":\"Hjem\",\"item\":\"https:\\\/\\\/xn--marskpizza-rm-mnbb.dk\\\/de\\\/\"},{\"@type\":\"ListItem\",\"position\":2,\"name\":\"Bedingungen und Konditionen\"}]},{\"@type\":\"WebSite\",\"@id\":\"https:\\\/\\\/xn--marskpizza-rm-mnbb.dk\\\/de\\\/#website\",\"url\":\"https:\\\/\\\/xn--marskpizza-rm-mnbb.dk\\\/de\\\/\",\"name\":\"Marsk Pizza R\u00f8m\u00f8\",\"description\":\"Pizza - Burger - Calzone Pizza - Pitabr\u00f8d - Grill retter - Durum - Pastaretter i R\u00f8m\u00f8\",\"potentialAction\":[{\"@type\":\"SearchAction\",\"target\":{\"@type\":\"EntryPoint\",\"urlTemplate\":\"https:\\\/\\\/xn--marskpizza-rm-mnbb.dk\\\/de\\\/?s={search_term_string}\"},\"query-input\":{\"@type\":\"PropertyValueSpecification\",\"valueRequired\":true,\"valueName\":\"search_term_string\"}}],\"inLanguage\":\"de\"}]}<\/script>\n<!-- \/ Yoast SEO Premium plugin. -->","yoast_head_json":{"title":"Bedingungen und Konditionen - Marsk Pizza R\u00f8m\u00f8","robots":{"index":"index","follow":"follow","max-snippet":"max-snippet:-1","max-image-preview":"max-image-preview:large","max-video-preview":"max-video-preview:-1"},"canonical":"https:\/\/xn--marskpizza-rm-mnbb.dk\/de\/bedingungen-und-konditionen\/","og_locale":"de_DE","og_type":"article","og_title":"Bedingungen und Konditionen","og_description":"[vc_row][vc_column][vc_column_text css=\"\" woodmart_inline=\"no\" text_larger=\"no\"]Allgemeine Gesch\u00e4ftsbedingungen bei Marsk Pizzaria Allgemeine Informationen Marsk Pizzaria Havnebyvej 102, 6792 R\u00f8m\u00f8, D\u00e4nemark CVR-Nr.: 39837447 Telefon:","og_url":"https:\/\/xn--marskpizza-rm-mnbb.dk\/de\/bedingungen-und-konditionen\/","og_site_name":"Marsk Pizza R\u00f8m\u00f8","article_modified_time":"2026-04-16T08:47:56+00:00","twitter_card":"summary_large_image","twitter_misc":{"Gesch\u00e4tzte Lesezeit":"5\u00a0Minuten"},"schema":{"@context":"https:\/\/schema.org","@graph":[{"@type":"WebPage","@id":"https:\/\/xn--marskpizza-rm-mnbb.dk\/de\/bedingungen-und-konditionen\/","url":"https:\/\/xn--marskpizza-rm-mnbb.dk\/de\/bedingungen-und-konditionen\/","name":"Bedingungen und Konditionen - Marsk Pizza R\u00f8m\u00f8","isPartOf":{"@id":"https:\/\/xn--marskpizza-rm-mnbb.dk\/de\/#website"},"datePublished":"2024-11-01T07:09:17+00:00","dateModified":"2026-04-16T08:47:56+00:00","breadcrumb":{"@id":"https:\/\/xn--marskpizza-rm-mnbb.dk\/de\/bedingungen-und-konditionen\/#breadcrumb"},"inLanguage":"de","potentialAction":[{"@type":"ReadAction","target":["https:\/\/xn--marskpizza-rm-mnbb.dk\/de\/bedingungen-und-konditionen\/"]}]},{"@type":"BreadcrumbList","@id":"https:\/\/xn--marskpizza-rm-mnbb.dk\/de\/bedingungen-und-konditionen\/#breadcrumb","itemListElement":[{"@type":"ListItem","position":1,"name":"Hjem","item":"https:\/\/xn--marskpizza-rm-mnbb.dk\/de\/"},{"@type":"ListItem","position":2,"name":"Bedingungen und Konditionen"}]},{"@type":"WebSite","@id":"https:\/\/xn--marskpizza-rm-mnbb.dk\/de\/#website","url":"https:\/\/xn--marskpizza-rm-mnbb.dk\/de\/","name":"Marsk Pizza R\u00f8m\u00f8","description":"Pizza - Burger - Calzone Pizza - Pitabr\u00f8d - Grill retter - Durum - Pastaretter i R\u00f8m\u00f8","potentialAction":[{"@type":"SearchAction","target":{"@type":"EntryPoint","urlTemplate":"https:\/\/xn--marskpizza-rm-mnbb.dk\/de\/?s={search_term_string}"},"query-input":{"@type":"PropertyValueSpecification","valueRequired":true,"valueName":"search_term_string"}}],"inLanguage":"de"}]}},"_links":{"self":[{"href":"https:\/\/xn--marskpizza-rm-mnbb.dk\/de\/wp-json\/wp\/v2\/pages\/10793","targetHints":{"allow":["GET"]}}],"collection":[{"href":"https:\/\/xn--marskpizza-rm-mnbb.dk\/de\/wp-json\/wp\/v2\/pages"}],"about":[{"href":"https:\/\/xn--marskpizza-rm-mnbb.dk\/de\/wp-json\/wp\/v2\/types\/page"}],"author":[{"embeddable":true,"href":"https:\/\/xn--marskpizza-rm-mnbb.dk\/de\/wp-json\/wp\/v2\/users\/1"}],"replies":[{"embeddable":true,"href":"https:\/\/xn--marskpizza-rm-mnbb.dk\/de\/wp-json\/wp\/v2\/comments?post=10793"}],"version-history":[{"count":2,"href":"https:\/\/xn--marskpizza-rm-mnbb.dk\/de\/wp-json\/wp\/v2\/pages\/10793\/revisions"}],"predecessor-version":[{"id":10800,"href":"https:\/\/xn--marskpizza-rm-mnbb.dk\/de\/wp-json\/wp\/v2\/pages\/10793\/revisions\/10800"}],"wp:attachment":[{"href":"https:\/\/xn--marskpizza-rm-mnbb.dk\/de\/wp-json\/wp\/v2\/media?parent=10793"}],"curies":[{"name":"wp","href":"https:\/\/api.w.org\/{rel}","templated":true}]}}