{"id":10855,"date":"2025-05-13T10:19:12","date_gmt":"2025-05-13T08:19:12","guid":{"rendered":"https:\/\/xn--marskpizza-rm-mnbb.dk\/ueber-uns\/"},"modified":"2026-04-16T10:48:03","modified_gmt":"2026-04-16T08:48:03","slug":"ueber-uns","status":"publish","type":"page","link":"https:\/\/xn--marskpizza-rm-mnbb.dk\/de\/ueber-uns\/","title":{"rendered":"\u00dcber uns"},"content":{"rendered":"<div class=\"wpb-content-wrapper\"><p>[vc_row full_width=\"stretch_row\" content_placement=\"middle\" woodmart_css_id=\"699d65e810c53&#8243; responsive_spacing=\"eyJwYXJhbV90eXBlIjoid29vZG1hcnRfcmVzcG9uc2l2ZV9zcGFjaW5nIiwic2VsZWN0b3JfaWQiOiI2OTlkNjVlODEwYzUzIiwic2hvcnRjb2RlIjoidmNfcm93IiwiZGF0YSI6eyJ0YWJsZXQiOnsibWFyZ2luLXRvcCI6IjQwcHgiLCJib3JkZXItYm90dG9tLXdpZHRoIjoiNDBweCJ9LCJtb2JpbGUiOnsibWFyZ2luLXRvcCI6IjBweCIsImJvcmRlci1ib3R0b20td2lkdGgiOiIwcHgifX19&#8243; mobile_bg_img_hidden=\"no\" tablet_bg_img_hidden=\"no\" woodmart_parallax=\"0&#8243; woodmart_gradient_switch=\"no\" woodmart_box_shadow=\"no\" wd_z_index=\"no\" woodmart_disable_overflow=\"0&#8243; row_reverse_mobile=\"1&#8243; row_reverse_tablet=\"1&#8243; css=\".vc_custom_1771922929678{margin-top: 60px !important;border-bottom-width: 100px !important;}\"][vc_column offset=\"vc_col-md-6&#8243; woodmart_css_id=\"699d674b15aa5&#8243; parallax_scroll=\"no\" woodmart_sticky_column=\"false\" wd_collapsible_content_switcher=\"no\" wd_column_role_offcanvas_desktop=\"no\" wd_column_role_offcanvas_tablet=\"no\" wd_column_role_offcanvas_mobile=\"no\" wd_column_role_content_desktop=\"no\" wd_column_role_content_tablet=\"no\" wd_column_role_content_mobile=\"no\" mobile_bg_img_hidden=\"no\" tablet_bg_img_hidden=\"no\" woodmart_parallax=\"0&#8243; woodmart_box_shadow=\"no\" responsive_spacing=\"eyJwYXJhbV90eXBlIjoid29vZG1hcnRfcmVzcG9uc2l2ZV9zcGFjaW5nIiwic2VsZWN0b3JfaWQiOiI2OTlkNjc0YjE1YWE1Iiwic2hvcnRjb2RlIjoidmNfY29sdW1uIiwiZGF0YSI6eyJ0YWJsZXQiOnt9LCJtb2JpbGUiOnt9fX0=\" mobile_reset_margin=\"no\" tablet_reset_margin=\"no\" wd_z_index=\"no\"][vc_row_inner][vc_column_inner width=\"1\/2&#8243;][vc_single_image image=\"10865&#8243; img_size=\"600&#215;800&#8243; css=\"\" scroll_x=\"0&#8243; scroll_y=\"-40&#8243; scroll_z=\"0&#8243; parallax_scroll=\"yes\" woodmart_inline=\"no\"][\/vc_column_inner][vc_column_inner width=\"1\/2&#8243;][vc_empty_space height=\"40px\" woodmart_hide_large=\"0&#8243; woodmart_hide_medium=\"0&#8243; woodmart_hide_small=\"0&#8243;][vc_single_image image=\"10861&#8243; img_size=\"600&#215;800&#8243; css=\"\" scroll_x=\"0&#8243; scroll_y=\"40&#8243; scroll_z=\"0&#8243; parallax_scroll=\"yes\" woodmart_inline=\"no\"][\/vc_column_inner][\/vc_row_inner][\/vc_column][vc_column offset=\"vc_col-md-6&#8243; woodmart_css_id=\"699d6757f409d\" parallax_scroll=\"no\" woodmart_sticky_column=\"false\" wd_collapsible_content_switcher=\"no\" wd_column_role_offcanvas_desktop=\"no\" wd_column_role_offcanvas_tablet=\"no\" wd_column_role_offcanvas_mobile=\"no\" wd_column_role_content_desktop=\"no\" wd_column_role_content_tablet=\"no\" wd_column_role_content_mobile=\"no\" mobile_bg_img_hidden=\"no\" tablet_bg_img_hidden=\"no\" woodmart_parallax=\"0&#8243; woodmart_box_shadow=\"no\" responsive_spacing=\"eyJwYXJhbV90eXBlIjoid29vZG1hcnRfcmVzcG9uc2l2ZV9zcGFjaW5nIiwic2VsZWN0b3JfaWQiOiI2OTlkNjc1N2Y0MDlkIiwic2hvcnRjb2RlIjoidmNfY29sdW1uIiwiZGF0YSI6eyJ0YWJsZXQiOnt9LCJtb2JpbGUiOnt9fX0=\" mobile_reset_margin=\"no\" tablet_reset_margin=\"no\" wd_z_index=\"no\"]\n\t\t<div id=\"wd-69df6ffbace13\" class=\"title-wrapper wd-wpb wd-set-mb reset-last-child  wd-rs-69df6ffbace13 wd-title-color-primary wd-title-style-default text-left  wd-underline-colored\">\n\t\t\t\t\t\t\t\n\t\t\t\t<div class=\"title-subtitle  subtitle-color-primary font-default subtitle-style-default wd-font-weight-700 wd-fontsize-xs\">Echter Geschmack, echte Handwerkskunst<\/div>\n\t\t\t\n\t\t\t<div class=\"liner-continer\">\n\t\t\t\t<h4 class=\"woodmart-title-container title  wd-font-weight- wd-fontsize-l\" >Marsk Pizza R\u00f8m\u00f8 - Pizzeria<\/h4>\n\t\t\t\t\t\t\t<\/div>\n\t\t\t\n\t\t\t\n\t\t\t\n\t\t<\/div>\n\t\t\n\t\t\t\t<div id=\"wd-69df70956ed37\" class=\"wd-text-block wd-wpb reset-last-child wd-rs-69df70956ed37 text-left wd-width-custom \">\n\t\t\t<p data-start=\"162\" data-end=\"276\">Bei <strong data-start=\"166\" data-end=\"186\">Marsk Pizza R\u00f8m\u00f8<\/strong> geht es um mehr als nur um Pizza - es geht um Qualit\u00e4t, Geschmack und ein tolles Gesamterlebnis.<\/p>\n<p data-start=\"278\" data-end=\"415\">Wir verwenden frische Zutaten, stellen unseren Teig jeden Tag von Grund auf neu her und bereiten jede Pizza mit Sorgfalt zu, um den besten Geschmack und die beste Qualit\u00e4t zu gew\u00e4hrleisten.<\/p>\n<p data-start=\"417\" data-end=\"605\">Wir sind stolz darauf, sowohl f\u00fcr Einheimische als auch f\u00fcr Besucher der Region eine bevorzugte Wahl zu sein. Ob ein schnelles Mittagessen oder ein gem\u00fctliches Essen zum Mitnehmen, wir sorgen jedes Mal f\u00fcr ein tolles Erlebnis.<\/p>\n<p data-start=\"607\" data-end=\"677\">Bestellen Sie ganz einfach online und holen Sie Ihr Essen frisch zubereitet und ohne Wartezeit ab.<\/p>\n<p data-start=\"679\" data-end=\"744\">Unsere Pizza wird mit Leidenschaft, Qualit\u00e4t und Handwerkskunst hergestellt.<\/p>\n\t\t<\/div>\n\t\t[\/vc_column][\/vc_row][vc_row][vc_column][vc_empty_space woodmart_hide_large=\"0&#8243; woodmart_hide_medium=\"0&#8243; woodmart_hide_small=\"0&#8243;][\/vc_column][\/vc_row]<\/p>\n<\/div>","protected":false},"excerpt":{"rendered":"<p>[vc_row full_width=\"stretch_row\" content_placement=\"middle\" woodmart_css_id=\"699d65e810c53&#8243; responsive_spacing=\"eyJwYXJhbV90eXBlIjoid29vZG1hcnRfcmVzcG9uc2l2ZV9zcGFjaW5nIiwic2VsZWN0b3JfaWQiOiI2OTlkNjVlODEwYzUzIiwic2hvcnRjb2RlIjoidmNfcm93IiwiZGF0YSI6eyJ0YWJsZXQiOnsibWFyZ2luLXRvcCI6IjQwcHgiLCJib3JkZXItYm90dG9tLXdpZHRoIjoiNDBweCJ9LCJtb2JpbGUiOnsibWFyZ2luLXRvcCI6IjBweCIsImJvcmRlci1ib3R0b20td2lkdGgiOiIwcHgifX19&#8243; mobile_bg_img_hidden=\"no\" tablet_bg_img_hidden=\"no\" woodmart_parallax=\"0&#8243; woodmart_gradient_switch=\"no\" woodmart_box_shadow=\"no\" wd_z_index=\"no\" woodmart_disable_overflow=\"0&#8243; row_reverse_mobile=\"1&#8243; row_reverse_tablet=\"1&#8243; css=\".vc_custom_1771922929678{margin-top: 60px !important;border-bottom-width: 100px !important;}\"][vc_column offset=\"vc_col-md-6&#8243;<\/p>\n","protected":false},"author":2,"featured_media":0,"parent":0,"menu_order":0,"comment_status":"closed","ping_status":"closed","template":"","meta":{"footnotes":""},"class_list":["post-10855","page","type-page","status-publish","hentry"],"yoast_head":"<!-- This site is optimized with the Yoast SEO Premium plugin v23.2 (Yoast SEO v27.4) - https:\/\/yoast.com\/product\/yoast-seo-premium-wordpress\/ -->\n<title>\u00dcber uns - Marsk Pizza R\u00f8m\u00f8<\/title>\n<meta name=\"robots\" content=\"index, follow, max-snippet:-1, max-image-preview:large, max-video-preview:-1\" \/>\n<link rel=\"canonical\" href=\"https:\/\/xn--marskpizza-rm-mnbb.dk\/de\/ueber-uns\/\" \/>\n<meta property=\"og:locale\" content=\"de_DE\" \/>\n<meta property=\"og:type\" content=\"article\" \/>\n<meta property=\"og:title\" content=\"\u00dcber uns\" \/>\n<meta property=\"og:description\" content=\"[vc_row full_width=&quot;stretch_row&quot; content_placement=&quot;middle&quot; woodmart_css_id=&quot;699d65e810c53&#8243; responsive_spacing=&quot;eyJwYXJhbV90eXBlIjoid29vZG1hcnRfcmVzcG9uc2l2ZV9zcGFjaW5nIiwic2VsZWN0b3JfaWQiOiI2OTlkNjVlODEwYzUzIiwic2hvcnRjb2RlIjoidmNfcm93IiwiZGF0YSI6eyJ0YWJsZXQiOnsibWFyZ2luLXRvcCI6IjQwcHgiLCJib3JkZXItYm90dG9tLXdpZHRoIjoiNDBweCJ9LCJtb2JpbGUiOnsibWFyZ2luLXRvcCI6IjBweCIsImJvcmRlci1ib3R0b20td2lkdGgiOiIwcHgifX19&#8243; mobile_bg_img_hidden=&quot;no&quot; tablet_bg_img_hidden=&quot;no&quot; woodmart_parallax=&quot;0&#8243; woodmart_gradient_switch=&quot;no&quot; woodmart_box_shadow=&quot;no&quot; wd_z_index=&quot;no&quot; woodmart_disable_overflow=&quot;0&#8243; row_reverse_mobile=&quot;1&#8243; row_reverse_tablet=&quot;1&#8243; css=&quot;.vc_custom_1771922929678{margin-top: 60px !important;border-bottom-width: 100px !important;}&quot;][vc_column offset=&quot;vc_col-md-6&#8243;\" \/>\n<meta property=\"og:url\" content=\"https:\/\/xn--marskpizza-rm-mnbb.dk\/de\/ueber-uns\/\" \/>\n<meta property=\"og:site_name\" content=\"Marsk Pizza R\u00f8m\u00f8\" \/>\n<meta property=\"article:modified_time\" content=\"2026-04-16T08:48:03+00:00\" \/>\n<meta name=\"twitter:card\" content=\"summary_large_image\" \/>\n<meta name=\"twitter:label1\" content=\"Gesch\u00e4tzte Lesezeit\" \/>\n\t<meta name=\"twitter:data1\" content=\"4\u00a0Minuten\" \/>\n<script type=\"application\/ld+json\" class=\"yoast-schema-graph\">{\"@context\":\"https:\\\/\\\/schema.org\",\"@graph\":[{\"@type\":\"WebPage\",\"@id\":\"https:\\\/\\\/xn--marskpizza-rm-mnbb.dk\\\/de\\\/ueber-uns\\\/\",\"url\":\"https:\\\/\\\/xn--marskpizza-rm-mnbb.dk\\\/de\\\/ueber-uns\\\/\",\"name\":\"\u00dcber uns - Marsk Pizza R\u00f8m\u00f8\",\"isPartOf\":{\"@id\":\"https:\\\/\\\/xn--marskpizza-rm-mnbb.dk\\\/de\\\/#website\"},\"datePublished\":\"2025-05-13T08:19:12+00:00\",\"dateModified\":\"2026-04-16T08:48:03+00:00\",\"breadcrumb\":{\"@id\":\"https:\\\/\\\/xn--marskpizza-rm-mnbb.dk\\\/de\\\/ueber-uns\\\/#breadcrumb\"},\"inLanguage\":\"de\",\"potentialAction\":[{\"@type\":\"ReadAction\",\"target\":[\"https:\\\/\\\/xn--marskpizza-rm-mnbb.dk\\\/de\\\/ueber-uns\\\/\"]}]},{\"@type\":\"BreadcrumbList\",\"@id\":\"https:\\\/\\\/xn--marskpizza-rm-mnbb.dk\\\/de\\\/ueber-uns\\\/#breadcrumb\",\"itemListElement\":[{\"@type\":\"ListItem\",\"position\":1,\"name\":\"Hjem\",\"item\":\"https:\\\/\\\/xn--marskpizza-rm-mnbb.dk\\\/de\\\/\"},{\"@type\":\"ListItem\",\"position\":2,\"name\":\"\u00dcber uns\"}]},{\"@type\":\"WebSite\",\"@id\":\"https:\\\/\\\/xn--marskpizza-rm-mnbb.dk\\\/de\\\/#website\",\"url\":\"https:\\\/\\\/xn--marskpizza-rm-mnbb.dk\\\/de\\\/\",\"name\":\"Marsk Pizza R\u00f8m\u00f8\",\"description\":\"Pizza - Burger - Calzone Pizza - Pitabr\u00f8d - Grill retter - Durum - Pastaretter i R\u00f8m\u00f8\",\"potentialAction\":[{\"@type\":\"SearchAction\",\"target\":{\"@type\":\"EntryPoint\",\"urlTemplate\":\"https:\\\/\\\/xn--marskpizza-rm-mnbb.dk\\\/de\\\/?s={search_term_string}\"},\"query-input\":{\"@type\":\"PropertyValueSpecification\",\"valueRequired\":true,\"valueName\":\"search_term_string\"}}],\"inLanguage\":\"de\"}]}<\/script>\n<!-- \/ Yoast SEO Premium plugin. -->","yoast_head_json":{"title":"\u00dcber uns - Marsk Pizza R\u00f8m\u00f8","robots":{"index":"index","follow":"follow","max-snippet":"max-snippet:-1","max-image-preview":"max-image-preview:large","max-video-preview":"max-video-preview:-1"},"canonical":"https:\/\/xn--marskpizza-rm-mnbb.dk\/de\/ueber-uns\/","og_locale":"de_DE","og_type":"article","og_title":"\u00dcber uns","og_description":"[vc_row full_width=\"stretch_row\" content_placement=\"middle\" woodmart_css_id=\"699d65e810c53&#8243; responsive_spacing=\"eyJwYXJhbV90eXBlIjoid29vZG1hcnRfcmVzcG9uc2l2ZV9zcGFjaW5nIiwic2VsZWN0b3JfaWQiOiI2OTlkNjVlODEwYzUzIiwic2hvcnRjb2RlIjoidmNfcm93IiwiZGF0YSI6eyJ0YWJsZXQiOnsibWFyZ2luLXRvcCI6IjQwcHgiLCJib3JkZXItYm90dG9tLXdpZHRoIjoiNDBweCJ9LCJtb2JpbGUiOnsibWFyZ2luLXRvcCI6IjBweCIsImJvcmRlci1ib3R0b20td2lkdGgiOiIwcHgifX19&#8243; mobile_bg_img_hidden=\"no\" tablet_bg_img_hidden=\"no\" woodmart_parallax=\"0&#8243; woodmart_gradient_switch=\"no\" woodmart_box_shadow=\"no\" wd_z_index=\"no\" woodmart_disable_overflow=\"0&#8243; row_reverse_mobile=\"1&#8243; row_reverse_tablet=\"1&#8243; css=\".vc_custom_1771922929678{margin-top: 60px !important;border-bottom-width: 100px !important;}\"][vc_column offset=\"vc_col-md-6&#8243;","og_url":"https:\/\/xn--marskpizza-rm-mnbb.dk\/de\/ueber-uns\/","og_site_name":"Marsk Pizza R\u00f8m\u00f8","article_modified_time":"2026-04-16T08:48:03+00:00","twitter_card":"summary_large_image","twitter_misc":{"Gesch\u00e4tzte Lesezeit":"4\u00a0Minuten"},"schema":{"@context":"https:\/\/schema.org","@graph":[{"@type":"WebPage","@id":"https:\/\/xn--marskpizza-rm-mnbb.dk\/de\/ueber-uns\/","url":"https:\/\/xn--marskpizza-rm-mnbb.dk\/de\/ueber-uns\/","name":"\u00dcber uns - Marsk Pizza R\u00f8m\u00f8","isPartOf":{"@id":"https:\/\/xn--marskpizza-rm-mnbb.dk\/de\/#website"},"datePublished":"2025-05-13T08:19:12+00:00","dateModified":"2026-04-16T08:48:03+00:00","breadcrumb":{"@id":"https:\/\/xn--marskpizza-rm-mnbb.dk\/de\/ueber-uns\/#breadcrumb"},"inLanguage":"de","potentialAction":[{"@type":"ReadAction","target":["https:\/\/xn--marskpizza-rm-mnbb.dk\/de\/ueber-uns\/"]}]},{"@type":"BreadcrumbList","@id":"https:\/\/xn--marskpizza-rm-mnbb.dk\/de\/ueber-uns\/#breadcrumb","itemListElement":[{"@type":"ListItem","position":1,"name":"Hjem","item":"https:\/\/xn--marskpizza-rm-mnbb.dk\/de\/"},{"@type":"ListItem","position":2,"name":"\u00dcber uns"}]},{"@type":"WebSite","@id":"https:\/\/xn--marskpizza-rm-mnbb.dk\/de\/#website","url":"https:\/\/xn--marskpizza-rm-mnbb.dk\/de\/","name":"Marsk Pizza R\u00f8m\u00f8","description":"Pizza - Burger - Calzone Pizza - Pitabr\u00f8d - Grill retter - Durum - Pastaretter i R\u00f8m\u00f8","potentialAction":[{"@type":"SearchAction","target":{"@type":"EntryPoint","urlTemplate":"https:\/\/xn--marskpizza-rm-mnbb.dk\/de\/?s={search_term_string}"},"query-input":{"@type":"PropertyValueSpecification","valueRequired":true,"valueName":"search_term_string"}}],"inLanguage":"de"}]}},"_links":{"self":[{"href":"https:\/\/xn--marskpizza-rm-mnbb.dk\/de\/wp-json\/wp\/v2\/pages\/10855","targetHints":{"allow":["GET"]}}],"collection":[{"href":"https:\/\/xn--marskpizza-rm-mnbb.dk\/de\/wp-json\/wp\/v2\/pages"}],"about":[{"href":"https:\/\/xn--marskpizza-rm-mnbb.dk\/de\/wp-json\/wp\/v2\/types\/page"}],"author":[{"embeddable":true,"href":"https:\/\/xn--marskpizza-rm-mnbb.dk\/de\/wp-json\/wp\/v2\/users\/2"}],"replies":[{"embeddable":true,"href":"https:\/\/xn--marskpizza-rm-mnbb.dk\/de\/wp-json\/wp\/v2\/comments?post=10855"}],"version-history":[{"count":3,"href":"https:\/\/xn--marskpizza-rm-mnbb.dk\/de\/wp-json\/wp\/v2\/pages\/10855\/revisions"}],"predecessor-version":[{"id":10870,"href":"https:\/\/xn--marskpizza-rm-mnbb.dk\/de\/wp-json\/wp\/v2\/pages\/10855\/revisions\/10870"}],"wp:attachment":[{"href":"https:\/\/xn--marskpizza-rm-mnbb.dk\/de\/wp-json\/wp\/v2\/media?parent=10855"}],"curies":[{"name":"wp","href":"https:\/\/api.w.org\/{rel}","templated":true}]}}