{"id":10906,"date":"2024-10-29T09:30:07","date_gmt":"2024-10-29T08:30:07","guid":{"rendered":"https:\/\/xn--marskpizza-rm-mnbb.dk\/cookie-und-datenschutzrichtlinie\/"},"modified":"2026-04-16T10:48:21","modified_gmt":"2026-04-16T08:48:21","slug":"cookie-und-datenschutzrichtlinie","status":"publish","type":"page","link":"https:\/\/xn--marskpizza-rm-mnbb.dk\/de\/cookie-und-datenschutzrichtlinie\/","title":{"rendered":"Cookie- und Datenschutzrichtlinie"},"content":{"rendered":"<div class=\"wpb-content-wrapper\"><p>[vc_row][vc_column][vc_column_text css=\"\" woodmart_inline=\"no\" text_larger=\"no\"]<b>Cookie- und Datenschutzrichtlinie bei Marsk Pizzaria<\/b><b><\/b><\/p>\n<p><span style=\"font-weight: 400;\">Kundeninformationen werden nicht an Dritte weitergegeben, es sei denn, dies ist f\u00fcr die Ausf\u00fchrung der Bestellung erforderlich.<\/span><\/p>\n<p><span style=\"font-weight: 400;\"><br \/>\n<\/span><b>Einf\u00fchrung<\/b><\/p>\n<p><span style=\"font-weight: 400;\">Wenn Sie unsere Website besuchen, werden Informationen \u00fcber Sie gesammelt, die dazu verwendet werden, unsere Inhalte zu personalisieren und zu verbessern und den Wert der auf der Website angezeigten Anzeigen zu erh\u00f6hen. Wenn Sie nicht m\u00f6chten, dass Informationen gesammelt werden, sollten Sie Ihre Cookies l\u00f6schen (siehe Anleitung) und von der weiteren Nutzung der Website absehen. Nachfolgend haben wir erl\u00e4utert, welche Informationen gesammelt werden, zu welchem Zweck und welche Dritten Zugang zu ihnen haben.  <\/span><\/p>\n<p><b>Cookies<\/b><\/p>\n<p><span style=\"font-weight: 400;\">Die Website verwendet \"Cookies\", d.h. eine Textdatei, die auf Ihrem Computer, Ihrem Mobiltelefon oder einem \u00e4hnlichen Ger\u00e4t gespeichert wird, um es wiederzuerkennen, sich an Einstellungen zu erinnern, Statistiken zu erstellen und Werbung zu schalten. Cookies k\u00f6nnen keinen sch\u00e4dlichen Code wie z.B. Viren enthalten. <\/span><\/p>\n<p><span style=\"font-weight: 400;\">Es ist m\u00f6glich, Cookies zu l\u00f6schen oder zu blockieren. Siehe Anleitung: http:\/\/minecookies.org\/cookiehandtering <\/span><\/p>\n<p><span style=\"font-weight: 400;\">Wenn Sie Cookies l\u00f6schen oder blockieren, kann es sein, dass die Werbung weniger relevant f\u00fcr Sie ist und h\u00e4ufiger erscheint. Sie riskieren auch, dass die Website nicht optimal funktioniert und dass Sie auf Inhalte nicht zugreifen k\u00f6nnen. <\/span><\/p>\n<p><b>Pers\u00f6nliche Daten<\/b><\/p>\n<p><b>Im Allgemeinen<\/b><\/p>\n<p><span style=\"font-weight: 400;\">Kundeninformationen werden nicht an Dritte weitergegeben, es sei denn, dies ist f\u00fcr die Ausf\u00fchrung der Bestellung erforderlich.<\/span><\/p>\n<p><span style=\"font-weight: 400;\">Personenbezogene Daten sind alle Informationen, die Ihnen in irgendeiner Form zugeordnet werden k\u00f6nnen. Wenn Sie unsere Website nutzen, sammeln und verarbeiten wir eine Reihe solcher Informationen. Dies geschieht zum Beispiel, wenn Sie auf Inhalte zugreifen, sich f\u00fcr unseren Newsletter anmelden, an Wettbewerben oder Umfragen teilnehmen, sich als Benutzer oder Abonnent registrieren, andere Dienste nutzen oder \u00fcber die Website einkaufen.  <\/span><\/p>\n<p><span style=\"font-weight: 400;\">Wir erfassen und verarbeiten in der Regel die folgenden Arten von Daten: Eine eindeutige ID und technische Informationen \u00fcber Ihren Computer, Ihr Tablet oder Ihr Mobiltelefon, Ihre IP-Nummer, Ihren geografischen Standort und welche Seiten Sie anklicken (Interessen). Soweit Sie dem ausdr\u00fccklich zustimmen und die Informationen selbst eingeben, verarbeiten wir auch Name, Telefonnummer, E-Mail, Adresse und Zahlungsinformationen. Dies geschieht in der Regel im Zusammenhang mit der Erstellung eines Logins oder eines Kaufs.  <\/span><\/p>\n<p><b>Sicherheit und Schutz<\/b><\/p>\n<p><span style=\"font-weight: 400;\">Wir verarbeiten Ihre pers\u00f6nlichen Daten sicher und vertraulich in \u00dcbereinstimmung mit der geltenden Gesetzgebung, einschlie\u00dflich der General Data Protection Regulation und dem Data Protection Act.<\/span><\/p>\n<p><span style=\"font-weight: 400;\">Ihre Daten werden nur f\u00fcr den Zweck verwendet, f\u00fcr den sie erhoben wurden, und werden gel\u00f6scht, wenn dieser Zweck erf\u00fcllt ist oder nicht mehr relevant ist.<\/span><\/p>\n<p><span style=\"font-weight: 400;\">Wir haben technische und organisatorische Ma\u00dfnahmen ergriffen, um zu verhindern, dass Ihre Daten versehentlich oder unrechtm\u00e4\u00dfig gel\u00f6scht, ver\u00f6ffentlicht, verloren, beeintr\u00e4chtigt oder an Unbefugte weitergegeben, missbraucht oder anderweitig gesetzeswidrig verarbeitet werden.<\/span><\/p>\n<p><b>Zweck<\/b><\/p>\n<p><span style=\"font-weight: 400;\">Die Informationen werden verwendet, um Sie als Nutzer zu identifizieren und Ihnen die Werbung zu zeigen, die am ehesten f\u00fcr Sie relevant ist, um Ihre Eink\u00e4ufe und Zahlungen zu registrieren und um die von Ihnen angeforderten Dienstleistungen zu erbringen, wie z.B. den Versand eines Newsletters. Wir verwenden die Informationen auch, um unsere Dienste und Inhalte zu optimieren. <\/span><\/p>\n<p><b>Dauer der Lagerung<\/b><\/p>\n<p><span style=\"font-weight: 400;\">Die Daten werden f\u00fcr den gesetzlich zul\u00e4ssigen Zeitraum gespeichert und wir l\u00f6schen sie, wenn sie nicht mehr ben\u00f6tigt werden. Der Zeitraum h\u00e4ngt von der Art der Daten und dem Grund f\u00fcr die Speicherung ab. Es ist daher nicht m\u00f6glich, einen allgemeinen Zeitrahmen f\u00fcr die L\u00f6schung von Informationen anzugeben.  <\/span><\/p>\n<p><b>Offenlegung von Informationen<\/b><\/p>\n<p><span style=\"font-weight: 400;\">Daten \u00fcber Ihre Nutzung der Website, welche Anzeigen Sie erhalten und m\u00f6glicherweise anklicken, geografischer Standort, Geschlecht und Alterssegment usw. werden an Dritte weitergegeben, soweit diese Informationen bekannt sind. Um welche Drittanbieter es sich dabei handelt, erfahren Sie im Abschnitt \"Cookies\" weiter oben. Die Daten werden f\u00fcr gezielte Werbung verwendet.<\/span><\/p>\n<p><span style=\"font-weight: 400;\">Dar\u00fcber hinaus nutzen wir eine Reihe von Drittanbietern f\u00fcr die Speicherung und Verarbeitung von Daten. Sie verarbeiten die Daten nur in unserem Auftrag und d\u00fcrfen sie nicht f\u00fcr ihre eigenen Zwecke verwenden.<\/span><\/p>\n<p><span style=\"font-weight: 400;\">Die Weitergabe von pers\u00f6nlichen Daten wie Name und E-Mail usw. erfolgt nur, wenn Sie dem zustimmen. Wir verwenden nur Datenverarbeiter in der EU oder in L\u00e4ndern, die einen angemessenen Schutz f\u00fcr Ihre Daten bieten k\u00f6nnen.<\/span><\/p>\n<p><b>Einblicke und Beschwerden<\/b><\/p>\n<p><span style=\"font-weight: 400;\">Sie haben das Recht zu erfahren, welche personenbezogenen Daten wir \u00fcber Sie in einem g\u00e4ngigen Format verarbeiten (Daten\u00fcbertragbarkeit). Au\u00dferdem k\u00f6nnen Sie der Verwendung Ihrer Daten jederzeit widersprechen. Sie k\u00f6nnen auch Ihre Zustimmung zur Verarbeitung Ihrer Daten widerrufen. Wenn die \u00fcber Sie verarbeiteten Daten unrichtig sind, haben Sie das Recht, sie berichtigen oder l\u00f6schen zu lassen. Anfragen hierzu k\u00f6nnen Sie richten an: info@marskpizza-r\u00f8m\u00f8.dk. Wenn Sie sich \u00fcber die Verarbeitung Ihrer pers\u00f6nlichen Daten durch uns beschweren m\u00f6chten, haben Sie auch die M\u00f6glichkeit, sich an die d\u00e4nische Datenschutzbeh\u00f6rde zu wenden.<\/span><\/p>\n<p><span style=\"font-weight: 400;\">Wenn Sie nicht mehr m\u00f6chten, dass wir Ihre personenbezogenen Daten verarbeiten, oder wenn Sie m\u00f6chten, dass wir die Verarbeitung Ihrer personenbezogenen Daten einschr\u00e4nken, k\u00f6nnen Sie uns auch eine Anfrage an die oben genannte E-Mail-Adresse senden.<\/span><\/p>\n<p><b>Herausgeber<\/b><\/p>\n<p><span style=\"font-weight: 400;\">Diese Website ist Eigentum und wird ver\u00f6ffentlicht von:<\/span><\/p>\n<p>Marsk Pizzaria<\/p>\n<p><span style=\"font-weight: 400;\">Havnebyvej 102,<br \/>\n6792 R\u00f8m\u00f8, D\u00e4nemark<br \/>\n<\/span><span style=\"font-weight: 400;\">CVR-Nr.: 39837447<\/span><span style=\"font-weight: 400;\"><br \/>\n<\/span><span style=\"font-weight: 400;\">Telefon: +45 42 15 16 99<\/span><span style=\"font-weight: 400;\"><br \/>\n<\/span><span style=\"font-weight: 400;\">E-Mail: info@marskpizza-r\u00f8m\u00f8.dk<\/span><\/p>\n<p>&nbsp;<\/p>\n<div id=\"gtx-trans\" style=\"position: absolute; left: 205px; top: 2097px;\">\n<div class=\"gtx-trans-icon\"><\/div>\n<\/div>\n<p>[\/vc_column_text][\/vc_column][\/vc_row]<\/p>\n<\/div>","protected":false},"excerpt":{"rendered":"<p>[vc_row][vc_column][vc_column_text css=\"\" woodmart_inline=\"no\" text_larger=\"no\"]Cookie- und Datenschutzrichtlinie bei Marsk Pizzaria Kundeninformationen werden nicht an Dritte weitergegeben, es sei denn, dies ist<\/p>\n","protected":false},"author":1,"featured_media":0,"parent":0,"menu_order":0,"comment_status":"closed","ping_status":"closed","template":"","meta":{"footnotes":""},"class_list":["post-10906","page","type-page","status-publish","hentry"],"yoast_head":"<!-- This site is optimized with the Yoast SEO Premium plugin v23.2 (Yoast SEO v27.4) - https:\/\/yoast.com\/product\/yoast-seo-premium-wordpress\/ -->\n<title>Cookie- und Datenschutzrichtlinie - Marsk Pizza R\u00f8m\u00f8<\/title>\n<meta name=\"robots\" content=\"index, follow, max-snippet:-1, max-image-preview:large, max-video-preview:-1\" \/>\n<link rel=\"canonical\" href=\"https:\/\/xn--marskpizza-rm-mnbb.dk\/de\/cookie-und-datenschutzrichtlinie\/\" \/>\n<meta property=\"og:locale\" content=\"de_DE\" \/>\n<meta property=\"og:type\" content=\"article\" \/>\n<meta property=\"og:title\" content=\"Cookie- und Datenschutzrichtlinie\" \/>\n<meta property=\"og:description\" content=\"[vc_row][vc_column][vc_column_text css=&quot;&quot; woodmart_inline=&quot;no&quot; text_larger=&quot;no&quot;]Cookie- und Datenschutzrichtlinie bei Marsk Pizzaria Kundeninformationen werden nicht an Dritte weitergegeben, es sei denn, dies ist\" \/>\n<meta property=\"og:url\" content=\"https:\/\/xn--marskpizza-rm-mnbb.dk\/de\/cookie-und-datenschutzrichtlinie\/\" \/>\n<meta property=\"og:site_name\" content=\"Marsk Pizza R\u00f8m\u00f8\" \/>\n<meta property=\"article:modified_time\" content=\"2026-04-16T08:48:21+00:00\" \/>\n<meta name=\"twitter:card\" content=\"summary_large_image\" \/>\n<meta name=\"twitter:label1\" content=\"Gesch\u00e4tzte Lesezeit\" \/>\n\t<meta name=\"twitter:data1\" content=\"5\u00a0Minuten\" \/>\n<script type=\"application\/ld+json\" class=\"yoast-schema-graph\">{\"@context\":\"https:\\\/\\\/schema.org\",\"@graph\":[{\"@type\":\"WebPage\",\"@id\":\"https:\\\/\\\/xn--marskpizza-rm-mnbb.dk\\\/de\\\/cookie-und-datenschutzrichtlinie\\\/\",\"url\":\"https:\\\/\\\/xn--marskpizza-rm-mnbb.dk\\\/de\\\/cookie-und-datenschutzrichtlinie\\\/\",\"name\":\"Cookie- und Datenschutzrichtlinie - Marsk Pizza R\u00f8m\u00f8\",\"isPartOf\":{\"@id\":\"https:\\\/\\\/xn--marskpizza-rm-mnbb.dk\\\/de\\\/#website\"},\"datePublished\":\"2024-10-29T08:30:07+00:00\",\"dateModified\":\"2026-04-16T08:48:21+00:00\",\"breadcrumb\":{\"@id\":\"https:\\\/\\\/xn--marskpizza-rm-mnbb.dk\\\/de\\\/cookie-und-datenschutzrichtlinie\\\/#breadcrumb\"},\"inLanguage\":\"de\",\"potentialAction\":[{\"@type\":\"ReadAction\",\"target\":[\"https:\\\/\\\/xn--marskpizza-rm-mnbb.dk\\\/de\\\/cookie-und-datenschutzrichtlinie\\\/\"]}]},{\"@type\":\"BreadcrumbList\",\"@id\":\"https:\\\/\\\/xn--marskpizza-rm-mnbb.dk\\\/de\\\/cookie-und-datenschutzrichtlinie\\\/#breadcrumb\",\"itemListElement\":[{\"@type\":\"ListItem\",\"position\":1,\"name\":\"Hjem\",\"item\":\"https:\\\/\\\/xn--marskpizza-rm-mnbb.dk\\\/de\\\/\"},{\"@type\":\"ListItem\",\"position\":2,\"name\":\"Cookie- und Datenschutzrichtlinie\"}]},{\"@type\":\"WebSite\",\"@id\":\"https:\\\/\\\/xn--marskpizza-rm-mnbb.dk\\\/de\\\/#website\",\"url\":\"https:\\\/\\\/xn--marskpizza-rm-mnbb.dk\\\/de\\\/\",\"name\":\"Marsk Pizza R\u00f8m\u00f8\",\"description\":\"Pizza - Burger - Calzone Pizza - Pitabr\u00f8d - Grill retter - Durum - Pastaretter i R\u00f8m\u00f8\",\"potentialAction\":[{\"@type\":\"SearchAction\",\"target\":{\"@type\":\"EntryPoint\",\"urlTemplate\":\"https:\\\/\\\/xn--marskpizza-rm-mnbb.dk\\\/de\\\/?s={search_term_string}\"},\"query-input\":{\"@type\":\"PropertyValueSpecification\",\"valueRequired\":true,\"valueName\":\"search_term_string\"}}],\"inLanguage\":\"de\"}]}<\/script>\n<!-- \/ Yoast SEO Premium plugin. -->","yoast_head_json":{"title":"Cookie- und Datenschutzrichtlinie - Marsk Pizza R\u00f8m\u00f8","robots":{"index":"index","follow":"follow","max-snippet":"max-snippet:-1","max-image-preview":"max-image-preview:large","max-video-preview":"max-video-preview:-1"},"canonical":"https:\/\/xn--marskpizza-rm-mnbb.dk\/de\/cookie-und-datenschutzrichtlinie\/","og_locale":"de_DE","og_type":"article","og_title":"Cookie- und Datenschutzrichtlinie","og_description":"[vc_row][vc_column][vc_column_text css=\"\" woodmart_inline=\"no\" text_larger=\"no\"]Cookie- und Datenschutzrichtlinie bei Marsk Pizzaria Kundeninformationen werden nicht an Dritte weitergegeben, es sei denn, dies ist","og_url":"https:\/\/xn--marskpizza-rm-mnbb.dk\/de\/cookie-und-datenschutzrichtlinie\/","og_site_name":"Marsk Pizza R\u00f8m\u00f8","article_modified_time":"2026-04-16T08:48:21+00:00","twitter_card":"summary_large_image","twitter_misc":{"Gesch\u00e4tzte Lesezeit":"5\u00a0Minuten"},"schema":{"@context":"https:\/\/schema.org","@graph":[{"@type":"WebPage","@id":"https:\/\/xn--marskpizza-rm-mnbb.dk\/de\/cookie-und-datenschutzrichtlinie\/","url":"https:\/\/xn--marskpizza-rm-mnbb.dk\/de\/cookie-und-datenschutzrichtlinie\/","name":"Cookie- und Datenschutzrichtlinie - Marsk Pizza R\u00f8m\u00f8","isPartOf":{"@id":"https:\/\/xn--marskpizza-rm-mnbb.dk\/de\/#website"},"datePublished":"2024-10-29T08:30:07+00:00","dateModified":"2026-04-16T08:48:21+00:00","breadcrumb":{"@id":"https:\/\/xn--marskpizza-rm-mnbb.dk\/de\/cookie-und-datenschutzrichtlinie\/#breadcrumb"},"inLanguage":"de","potentialAction":[{"@type":"ReadAction","target":["https:\/\/xn--marskpizza-rm-mnbb.dk\/de\/cookie-und-datenschutzrichtlinie\/"]}]},{"@type":"BreadcrumbList","@id":"https:\/\/xn--marskpizza-rm-mnbb.dk\/de\/cookie-und-datenschutzrichtlinie\/#breadcrumb","itemListElement":[{"@type":"ListItem","position":1,"name":"Hjem","item":"https:\/\/xn--marskpizza-rm-mnbb.dk\/de\/"},{"@type":"ListItem","position":2,"name":"Cookie- und Datenschutzrichtlinie"}]},{"@type":"WebSite","@id":"https:\/\/xn--marskpizza-rm-mnbb.dk\/de\/#website","url":"https:\/\/xn--marskpizza-rm-mnbb.dk\/de\/","name":"Marsk Pizza R\u00f8m\u00f8","description":"Pizza - Burger - Calzone Pizza - Pitabr\u00f8d - Grill retter - Durum - Pastaretter i R\u00f8m\u00f8","potentialAction":[{"@type":"SearchAction","target":{"@type":"EntryPoint","urlTemplate":"https:\/\/xn--marskpizza-rm-mnbb.dk\/de\/?s={search_term_string}"},"query-input":{"@type":"PropertyValueSpecification","valueRequired":true,"valueName":"search_term_string"}}],"inLanguage":"de"}]}},"_links":{"self":[{"href":"https:\/\/xn--marskpizza-rm-mnbb.dk\/de\/wp-json\/wp\/v2\/pages\/10906","targetHints":{"allow":["GET"]}}],"collection":[{"href":"https:\/\/xn--marskpizza-rm-mnbb.dk\/de\/wp-json\/wp\/v2\/pages"}],"about":[{"href":"https:\/\/xn--marskpizza-rm-mnbb.dk\/de\/wp-json\/wp\/v2\/types\/page"}],"author":[{"embeddable":true,"href":"https:\/\/xn--marskpizza-rm-mnbb.dk\/de\/wp-json\/wp\/v2\/users\/1"}],"replies":[{"embeddable":true,"href":"https:\/\/xn--marskpizza-rm-mnbb.dk\/de\/wp-json\/wp\/v2\/comments?post=10906"}],"version-history":[{"count":2,"href":"https:\/\/xn--marskpizza-rm-mnbb.dk\/de\/wp-json\/wp\/v2\/pages\/10906\/revisions"}],"predecessor-version":[{"id":10908,"href":"https:\/\/xn--marskpizza-rm-mnbb.dk\/de\/wp-json\/wp\/v2\/pages\/10906\/revisions\/10908"}],"wp:attachment":[{"href":"https:\/\/xn--marskpizza-rm-mnbb.dk\/de\/wp-json\/wp\/v2\/media?parent=10906"}],"curies":[{"name":"wp","href":"https:\/\/api.w.org\/{rel}","templated":true}]}}