{"id":10794,"date":"2024-11-01T08:09:17","date_gmt":"2024-11-01T07:09:17","guid":{"rendered":"https:\/\/xn--marskpizza-rm-mnbb.dk\/terms-and-conditions\/"},"modified":"2026-04-16T10:47:56","modified_gmt":"2026-04-16T08:47:56","slug":"terms-and-conditions","status":"publish","type":"page","link":"https:\/\/xn--marskpizza-rm-mnbb.dk\/en\/terms-and-conditions\/","title":{"rendered":"Terms and conditions"},"content":{"rendered":"<div class=\"wpb-content-wrapper\"><p>[vc_row][vc_column][vc_column_text css=&#8221;&#8221; woodmart_inline=&#8221;no&#8221; text_larger=&#8221;no&#8221;]<span style=\"font-weight: 400;\">Terms and conditions at Marsk Pizzaria<\/span><\/p>\n<p><span style=\"font-weight: 400;\">General information<\/span><\/p>\n<p>Marsk Pizzaria<\/p>\n<p><span style=\"font-weight: 400;\">Havnebyvej 102,<br \/>\n6792 R\u00f8m\u00f8, Denmark<br \/>\n<\/span><span style=\"font-weight: 400;\">CVR no.: 39837447<\/span><span style=\"font-weight: 400;\"><br \/>\n<\/span><span style=\"font-weight: 400;\">Phone: +45 42 15 16 99<\/span><span style=\"font-weight: 400;\"><br \/>\n<\/span><span style=\"font-weight: 400;\">Email: info@marskpizza-r\u00f8m\u00f8.dk<\/span><\/p>\n<p>&nbsp;<\/p>\n<p><span style=\"font-weight: 400;\">Buy via marskpizza-r\u00f8m\u00f8.dk<\/span><\/p>\n<p><span style=\"font-weight: 400;\">Reservations are made for: printing errors, spelling errors, changes in menus and offers. All legal relationships arising from this framework agreement and all contract modules concluded between the contracting party and Marsk Pizzaria<\/span><span style=\"font-weight: 400;\">are subject to Danish law.<\/span><\/p>\n<p><span style=\"font-weight: 400;\">In addition, reservations are made for delayed delivery time and sold out items at Marsk Pizzaria<\/span><span style=\"font-weight: 400;\">. However, we always do everything we can to meet customer expectations.<\/span><\/p>\n<p><span style=\"font-weight: 400;\">All our prices include VAT.<\/span><\/p>\n<p><span style=\"font-weight: 400;\">Offers and discounts cannot be combined unless otherwise stated.<\/span><\/p>\n<p><span style=\"font-weight: 400;\">Pick-up offers do not apply on public holidays.<\/span><\/p>\n<p><span style=\"font-weight: 400;\">When purchasing from Marsk Pizzaria<\/span><span style=\"font-weight: 400;\"> there is no right of withdrawal or return, as the purchase includes food.<\/span><\/p>\n<p><b>Prices and payment<\/b><\/p>\n<p><span style=\"font-weight: 400;\">All prices quoted are in DKK including VAT.<\/span><\/p>\n<p><span style=\"font-weight: 400;\">marskpizza-r\u00f8m\u00f8.dk accepts payment with VISA-Dankort, VISA, VISA Electron, Mastercard. The payment will only be deducted from your account when the item is picked up. All amounts are in DKK. Danish kroner and incl. VAT. Reservations are made for price errors and sold out\/discontinued items.<\/span><\/p>\n<p><span style=\"font-weight: 400;\">When picking up, you will not be charged extra costs beyond the selected products. We do not have a delivery service. <\/span><\/p>\n<p><span style=\"font-weight: 400;\">You can pay with cash, Dankort, Visa or MasterCard. When using our online payment methods, you may be asked to provide further personal information. When using card details, you must ensure that you are fully authorized to use the card at the time. The amount of your order will be reserved when the order is accepted by our take away restaurants. The amount will only be charged when the order is considered delivered. Information and security when paying by debit or credit card will be encrypted and forwarded to Worldline. Your card data will not be stored with us.      <\/span><\/p>\n<p><span style=\"font-weight: 400;\">At marskpizza-r\u00f8m\u00f8.dk<\/span><span style=\"font-weight: 400;\"> it is possible to choose online payment for pickup.<\/span><\/p>\n<p><b>Your order<\/b><\/p>\n<p><span style=\"font-weight: 400;\">Once you have selected the products you wish to order from the menu and have provided other necessary information, you will be given the opportunity to place your order by clicking the &#8220;Checkout&#8221; button. It is important that you enter and correct any errors before clicking the button, as typing errors cannot be corrected after you have clicked this button. <\/span><\/p>\n<p><span style=\"font-weight: 400;\">Once you have placed your order and your payment has been authorized, you cannot change or cancel your order and cannot get a refund. If you wish to change or cancel your order, you can contact customer service as described in the customer service section and they will try to contact the restaurant and inform them of your wishes. However, there is no guarantee that the restaurant will accept your request as they may have already started preparing your order. We prepare the food immediately after your order, which is why we do not refund the payment for the food in the event of a cancellation, as by placing an order, you commit to receiving the ordered order.   <\/span><\/p>\n<p><span style=\"font-weight: 400;\">It is also the customer&#8217;s responsibility to ensure that we can get in touch by phone if we need to do so in connection with the order.<\/span><\/p>\n<p><b>Right of complaint<\/b><\/p>\n<p><span style=\"font-weight: 400;\">Any order is considered commenced after confirmation. The right of complaint must be made within a reasonable time and before the order goes into production. According to the Danish Sale of Goods Act, there is no right of withdrawal on food products, as these have a natural shelf life.  <\/span><\/p>\n<p><b>Declined and canceled orders<\/b><\/p>\n<p><span style=\"font-weight: 400;\">Due to bank procedures, as soon as you have placed an order that you pay by credit card and your payment has been approved, your bank will &#8220;reserve&#8221; the full amount of your order. If the order is subsequently declined or canceled, the bank will not transfer the amount to us and will instead release the amount to your account. This can take between 3 and 5 business days (or longer depending on the bank). You agree that we cannot be held liable to you regarding this delay by the bank in releasing funds to your account.   <\/span><\/p>\n<p><b>Legal matters<\/b><\/p>\n<p><span style=\"font-weight: 400;\">By placing an Order on the Website, you warrant that you are legally capable of entering into binding agreements and that you are over 18 years old.<\/span><\/p>\n<p><b>Gift cards  <\/b><\/p>\n<p><span style=\"font-weight: 400;\">We do not offer Gift Cards.<\/span><\/p>\n<p><b>Choice of law and jurisdiction<\/b><\/p>\n<p><span style=\"font-weight: 400;\">These terms are subject to and shall be interpreted in accordance with Danish law. Any disputes arising out of or relating to these terms shall be settled by the Danish courts. <\/span><\/p>\n<p><b>Delivery  <\/b><\/p>\n<p><span style=\"font-weight: 400;\">We have no delivery.  <\/span><span style=\"font-weight: 400;\"><br \/>\n<\/span><\/p>\n<p><b>Others<\/b><\/p>\n<p><span style=\"font-weight: 400;\">We have not verified the accuracy of this content. It is the sole responsibility of the restaurants to keep them updated. If you suspect that the content is not correct or in the event of a dispute between you and our takeaway restaurant, please contact our customer service team who will handle your case as best as possible. Our take away restaurants reserve the right to reject any user.   <\/span><\/p>\n<p><span style=\"font-weight: 400;\">Misuse of information, payment and credit cards will result in direct police reporting. We store all IP addresses. <\/span><\/p>\n<p><span style=\"font-weight: 400;\">If you have any further questions, please feel free to contact our customer service.<\/span><\/p>\n<p><b>Copyright 2026<\/b><\/p>\n<p>&nbsp;<\/p>\n<div id=\"gtx-trans\" style=\"position: absolute; left: 181px; top: 334px;\">\n<div class=\"gtx-trans-icon\"><\/div>\n<\/div>\n<p>[\/vc_column_text][\/vc_column][\/vc_row]<\/p>\n<\/div>","protected":false},"excerpt":{"rendered":"<p>[vc_row][vc_column][vc_column_text css=&#8221;&#8221; woodmart_inline=&#8221;no&#8221; text_larger=&#8221;no&#8221;]Terms and conditions at Marsk Pizzaria General information Marsk Pizzaria Havnebyvej 102, 6792 R\u00f8m\u00f8, Denmark CVR no.:<\/p>\n","protected":false},"author":1,"featured_media":0,"parent":0,"menu_order":0,"comment_status":"closed","ping_status":"closed","template":"","meta":{"footnotes":""},"class_list":["post-10794","page","type-page","status-publish","hentry"],"yoast_head":"<!-- This site is optimized with the Yoast SEO Premium plugin v23.2 (Yoast SEO v27.4) - https:\/\/yoast.com\/product\/yoast-seo-premium-wordpress\/ -->\n<title>Terms and conditions - Marsk Pizza R\u00f8m\u00f8<\/title>\n<meta name=\"robots\" content=\"index, follow, max-snippet:-1, max-image-preview:large, max-video-preview:-1\" \/>\n<link rel=\"canonical\" href=\"https:\/\/xn--marskpizza-rm-mnbb.dk\/en\/terms-and-conditions\/\" \/>\n<meta property=\"og:locale\" content=\"en_US\" \/>\n<meta property=\"og:type\" content=\"article\" \/>\n<meta property=\"og:title\" content=\"Terms and conditions\" \/>\n<meta property=\"og:description\" content=\"[vc_row][vc_column][vc_column_text css=&#8221;&#8221; woodmart_inline=&#8221;no&#8221; text_larger=&#8221;no&#8221;]Terms and conditions at Marsk Pizzaria General information Marsk Pizzaria Havnebyvej 102, 6792 R\u00f8m\u00f8, Denmark CVR no.:\" \/>\n<meta property=\"og:url\" content=\"https:\/\/xn--marskpizza-rm-mnbb.dk\/en\/terms-and-conditions\/\" \/>\n<meta property=\"og:site_name\" content=\"Marsk Pizza R\u00f8m\u00f8\" \/>\n<meta property=\"article:modified_time\" content=\"2026-04-16T08:47:56+00:00\" \/>\n<meta name=\"twitter:card\" content=\"summary_large_image\" \/>\n<meta name=\"twitter:label1\" content=\"Est. reading time\" \/>\n\t<meta name=\"twitter:data1\" content=\"4 minutes\" \/>\n<script type=\"application\/ld+json\" class=\"yoast-schema-graph\">{\"@context\":\"https:\\\/\\\/schema.org\",\"@graph\":[{\"@type\":\"WebPage\",\"@id\":\"https:\\\/\\\/xn--marskpizza-rm-mnbb.dk\\\/en\\\/terms-and-conditions\\\/\",\"url\":\"https:\\\/\\\/xn--marskpizza-rm-mnbb.dk\\\/en\\\/terms-and-conditions\\\/\",\"name\":\"Terms and conditions - Marsk Pizza R\u00f8m\u00f8\",\"isPartOf\":{\"@id\":\"https:\\\/\\\/xn--marskpizza-rm-mnbb.dk\\\/en\\\/#website\"},\"datePublished\":\"2024-11-01T07:09:17+00:00\",\"dateModified\":\"2026-04-16T08:47:56+00:00\",\"breadcrumb\":{\"@id\":\"https:\\\/\\\/xn--marskpizza-rm-mnbb.dk\\\/en\\\/terms-and-conditions\\\/#breadcrumb\"},\"inLanguage\":\"en-US\",\"potentialAction\":[{\"@type\":\"ReadAction\",\"target\":[\"https:\\\/\\\/xn--marskpizza-rm-mnbb.dk\\\/en\\\/terms-and-conditions\\\/\"]}]},{\"@type\":\"BreadcrumbList\",\"@id\":\"https:\\\/\\\/xn--marskpizza-rm-mnbb.dk\\\/en\\\/terms-and-conditions\\\/#breadcrumb\",\"itemListElement\":[{\"@type\":\"ListItem\",\"position\":1,\"name\":\"Hjem\",\"item\":\"https:\\\/\\\/xn--marskpizza-rm-mnbb.dk\\\/en\\\/\"},{\"@type\":\"ListItem\",\"position\":2,\"name\":\"Terms and conditions\"}]},{\"@type\":\"WebSite\",\"@id\":\"https:\\\/\\\/xn--marskpizza-rm-mnbb.dk\\\/en\\\/#website\",\"url\":\"https:\\\/\\\/xn--marskpizza-rm-mnbb.dk\\\/en\\\/\",\"name\":\"Marsk Pizza R\u00f8m\u00f8\",\"description\":\"Pizza - Burger - Calzone Pizza - Pitabr\u00f8d - Grill retter - Durum - Pastaretter i R\u00f8m\u00f8\",\"potentialAction\":[{\"@type\":\"SearchAction\",\"target\":{\"@type\":\"EntryPoint\",\"urlTemplate\":\"https:\\\/\\\/xn--marskpizza-rm-mnbb.dk\\\/en\\\/?s={search_term_string}\"},\"query-input\":{\"@type\":\"PropertyValueSpecification\",\"valueRequired\":true,\"valueName\":\"search_term_string\"}}],\"inLanguage\":\"en-US\"}]}<\/script>\n<!-- \/ Yoast SEO Premium plugin. -->","yoast_head_json":{"title":"Terms and conditions - Marsk Pizza R\u00f8m\u00f8","robots":{"index":"index","follow":"follow","max-snippet":"max-snippet:-1","max-image-preview":"max-image-preview:large","max-video-preview":"max-video-preview:-1"},"canonical":"https:\/\/xn--marskpizza-rm-mnbb.dk\/en\/terms-and-conditions\/","og_locale":"en_US","og_type":"article","og_title":"Terms and conditions","og_description":"[vc_row][vc_column][vc_column_text css=&#8221;&#8221; woodmart_inline=&#8221;no&#8221; text_larger=&#8221;no&#8221;]Terms and conditions at Marsk Pizzaria General information Marsk Pizzaria Havnebyvej 102, 6792 R\u00f8m\u00f8, Denmark CVR no.:","og_url":"https:\/\/xn--marskpizza-rm-mnbb.dk\/en\/terms-and-conditions\/","og_site_name":"Marsk Pizza R\u00f8m\u00f8","article_modified_time":"2026-04-16T08:47:56+00:00","twitter_card":"summary_large_image","twitter_misc":{"Est. reading time":"4 minutes"},"schema":{"@context":"https:\/\/schema.org","@graph":[{"@type":"WebPage","@id":"https:\/\/xn--marskpizza-rm-mnbb.dk\/en\/terms-and-conditions\/","url":"https:\/\/xn--marskpizza-rm-mnbb.dk\/en\/terms-and-conditions\/","name":"Terms and conditions - Marsk Pizza R\u00f8m\u00f8","isPartOf":{"@id":"https:\/\/xn--marskpizza-rm-mnbb.dk\/en\/#website"},"datePublished":"2024-11-01T07:09:17+00:00","dateModified":"2026-04-16T08:47:56+00:00","breadcrumb":{"@id":"https:\/\/xn--marskpizza-rm-mnbb.dk\/en\/terms-and-conditions\/#breadcrumb"},"inLanguage":"en-US","potentialAction":[{"@type":"ReadAction","target":["https:\/\/xn--marskpizza-rm-mnbb.dk\/en\/terms-and-conditions\/"]}]},{"@type":"BreadcrumbList","@id":"https:\/\/xn--marskpizza-rm-mnbb.dk\/en\/terms-and-conditions\/#breadcrumb","itemListElement":[{"@type":"ListItem","position":1,"name":"Hjem","item":"https:\/\/xn--marskpizza-rm-mnbb.dk\/en\/"},{"@type":"ListItem","position":2,"name":"Terms and conditions"}]},{"@type":"WebSite","@id":"https:\/\/xn--marskpizza-rm-mnbb.dk\/en\/#website","url":"https:\/\/xn--marskpizza-rm-mnbb.dk\/en\/","name":"Marsk Pizza R\u00f8m\u00f8","description":"Pizza - Burger - Calzone Pizza - Pitabr\u00f8d - Grill retter - Durum - Pastaretter i R\u00f8m\u00f8","potentialAction":[{"@type":"SearchAction","target":{"@type":"EntryPoint","urlTemplate":"https:\/\/xn--marskpizza-rm-mnbb.dk\/en\/?s={search_term_string}"},"query-input":{"@type":"PropertyValueSpecification","valueRequired":true,"valueName":"search_term_string"}}],"inLanguage":"en-US"}]}},"_links":{"self":[{"href":"https:\/\/xn--marskpizza-rm-mnbb.dk\/en\/wp-json\/wp\/v2\/pages\/10794","targetHints":{"allow":["GET"]}}],"collection":[{"href":"https:\/\/xn--marskpizza-rm-mnbb.dk\/en\/wp-json\/wp\/v2\/pages"}],"about":[{"href":"https:\/\/xn--marskpizza-rm-mnbb.dk\/en\/wp-json\/wp\/v2\/types\/page"}],"author":[{"embeddable":true,"href":"https:\/\/xn--marskpizza-rm-mnbb.dk\/en\/wp-json\/wp\/v2\/users\/1"}],"replies":[{"embeddable":true,"href":"https:\/\/xn--marskpizza-rm-mnbb.dk\/en\/wp-json\/wp\/v2\/comments?post=10794"}],"version-history":[{"count":2,"href":"https:\/\/xn--marskpizza-rm-mnbb.dk\/en\/wp-json\/wp\/v2\/pages\/10794\/revisions"}],"predecessor-version":[{"id":10807,"href":"https:\/\/xn--marskpizza-rm-mnbb.dk\/en\/wp-json\/wp\/v2\/pages\/10794\/revisions\/10807"}],"wp:attachment":[{"href":"https:\/\/xn--marskpizza-rm-mnbb.dk\/en\/wp-json\/wp\/v2\/media?parent=10794"}],"curies":[{"name":"wp","href":"https:\/\/api.w.org\/{rel}","templated":true}]}}