{"id":10838,"date":"2025-05-13T10:19:12","date_gmt":"2025-05-13T08:19:12","guid":{"rendered":"https:\/\/xn--marskpizza-rm-mnbb.dk\/about-us\/"},"modified":"2026-04-16T10:48:01","modified_gmt":"2026-04-16T08:48:01","slug":"about-us","status":"publish","type":"page","link":"https:\/\/xn--marskpizza-rm-mnbb.dk\/en\/about-us\/","title":{"rendered":"About Us"},"content":{"rendered":"<div class=\"wpb-content-wrapper\"><p>[vc_row full_width=&#8221;stretch_row&#8221; content_placement=&#8221;middle&#8221; woodmart_css_id=&#8221;699d65e810c53&#8243; responsive_spacing=&#8221;eyJwYXJhbV90eXBlIjoid29vZG1hcnRfcmVzcG9uc2l2ZV9zcGFjaW5nIiwic2VsZWN0b3JfaWQiOiI2OTlkNjVlODEwYzUzIiwic2hvcnRjb2RlIjoidmNfcm93IiwiZGF0YSI6eyJ0YWJsZXQiOnsibWFyZ2luLXRvcCI6IjQwcHgiLCJib3JkZXItYm90dG9tLXdpZHRoIjoiNDBweCJ9LCJtb2JpbGUiOnsibWFyZ2luLXRvcCI6IjBweCIsImJvcmRlci1ib3R0b20td2lkdGgiOiIwcHgifX19&#8243; mobile_bg_img_hidden=&#8221;no&#8221; tablet_bg_img_hidden=&#8221;no&#8221; woodmart_parallax=&#8221;0&#8243; woodmart_gradient_switch=&#8221;no&#8221; woodmart_box_shadow=&#8221;no&#8221; wd_z_index=&#8221;no&#8221; woodmart_disable_overflow=&#8221;0&#8243; row_reverse_mobile=&#8221;1&#8243; row_reverse_tablet=&#8221;1&#8243; css=&#8221;.vc_custom_1771922929678{margin-top: 60px !important;border-bottom-width: 100px !important;}&#8221;][vc_column offset=&#8221;vc_col-md-6&#8243; woodmart_css_id=&#8221;699d674b15aa5&#8243; parallax_scroll=&#8221;no&#8221; woodmart_sticky_column=&#8221;false&#8221; wd_collapsible_content_switcher=&#8221;no&#8221; wd_column_role_offcanvas_desktop=&#8221;no&#8221; wd_column_role_offcanvas_tablet=&#8221;no&#8221; wd_column_role_offcanvas_mobile=&#8221;no&#8221; wd_column_role_content_desktop=&#8221;no&#8221; wd_column_role_content_tablet=&#8221;no&#8221; wd_column_role_content_mobile=&#8221;no&#8221; mobile_bg_img_hidden=&#8221;no&#8221; tablet_bg_img_hidden=&#8221;no&#8221; woodmart_parallax=&#8221;0&#8243; woodmart_box_shadow=&#8221;no&#8221; responsive_spacing=&#8221;eyJwYXJhbV90eXBlIjoid29vZG1hcnRfcmVzcG9uc2l2ZV9zcGFjaW5nIiwic2VsZWN0b3JfaWQiOiI2OTlkNjc0YjE1YWE1Iiwic2hvcnRjb2RlIjoidmNfY29sdW1uIiwiZGF0YSI6eyJ0YWJsZXQiOnt9LCJtb2JpbGUiOnt9fX0=&#8221; mobile_reset_margin=&#8221;no&#8221; tablet_reset_margin=&#8221;no&#8221; wd_z_index=&#8221;no&#8221;][vc_row_inner][vc_column_inner width=&#8221;1\/2&#8243;][vc_single_image image=&#8221;10847&#8243; img_size=&#8221;600&#215;800&#8243; css=&#8221;&#8221; scroll_x=&#8221;0&#8243; scroll_y=&#8221;-40&#8243; scroll_z=&#8221;0&#8243; parallax_scroll=&#8221;yes&#8221; woodmart_inline=&#8221;no&#8221;][\/vc_column_inner][vc_column_inner width=&#8221;1\/2&#8243;][vc_empty_space height=&#8221;40px&#8221; woodmart_hide_large=&#8221;0&#8243; woodmart_hide_medium=&#8221;0&#8243; woodmart_hide_small=&#8221;0&#8243;][vc_single_image image=&#8221;10843&#8243; img_size=&#8221;600&#215;800&#8243; css=&#8221;&#8221; scroll_x=&#8221;0&#8243; scroll_y=&#8221;40&#8243; scroll_z=&#8221;0&#8243; parallax_scroll=&#8221;yes&#8221; woodmart_inline=&#8221;no&#8221;][\/vc_column_inner][\/vc_row_inner][\/vc_column][vc_column offset=&#8221;vc_col-md-6&#8243; woodmart_css_id=&#8221;699d6757f409d&#8221; parallax_scroll=&#8221;no&#8221; woodmart_sticky_column=&#8221;false&#8221; wd_collapsible_content_switcher=&#8221;no&#8221; wd_column_role_offcanvas_desktop=&#8221;no&#8221; wd_column_role_offcanvas_tablet=&#8221;no&#8221; wd_column_role_offcanvas_mobile=&#8221;no&#8221; wd_column_role_content_desktop=&#8221;no&#8221; wd_column_role_content_tablet=&#8221;no&#8221; wd_column_role_content_mobile=&#8221;no&#8221; mobile_bg_img_hidden=&#8221;no&#8221; tablet_bg_img_hidden=&#8221;no&#8221; woodmart_parallax=&#8221;0&#8243; woodmart_box_shadow=&#8221;no&#8221; responsive_spacing=&#8221;eyJwYXJhbV90eXBlIjoid29vZG1hcnRfcmVzcG9uc2l2ZV9zcGFjaW5nIiwic2VsZWN0b3JfaWQiOiI2OTlkNjc1N2Y0MDlkIiwic2hvcnRjb2RlIjoidmNfY29sdW1uIiwiZGF0YSI6eyJ0YWJsZXQiOnt9LCJtb2JpbGUiOnt9fX0=&#8221; mobile_reset_margin=&#8221;no&#8221; tablet_reset_margin=&#8221;no&#8221; wd_z_index=&#8221;no&#8221;]\n\t\t<div id=\"wd-69df6ffbace13\" class=\"title-wrapper wd-wpb wd-set-mb reset-last-child  wd-rs-69df6ffbace13 wd-title-color-primary wd-title-style-default text-left  wd-underline-colored\">\n\t\t\t\t\t\t\t\n\t\t\t\t<div class=\"title-subtitle  subtitle-color-primary font-default subtitle-style-default wd-font-weight-700 wd-fontsize-xs\">Real taste, real craftsmanship<\/div>\n\t\t\t\n\t\t\t<div class=\"liner-continer\">\n\t\t\t\t<h4 class=\"woodmart-title-container title  wd-font-weight- wd-fontsize-l\" >Marsk Pizza R\u00f8m\u00f8 - Pizzeria<\/h4>\n\t\t\t\t\t\t\t<\/div>\n\t\t\t\n\t\t\t\n\t\t\t\n\t\t<\/div>\n\t\t\n\t\t\t\t<div id=\"wd-69df70956ed37\" class=\"wd-text-block wd-wpb reset-last-child wd-rs-69df70956ed37 text-left wd-width-custom \">\n\t\t\t<p data-start=\"162\" data-end=\"276\">At <strong data-start=\"166\" data-end=\"186\">Marsk Pizza R\u00f8m\u00f8<\/strong>, it&#8217;s about more than pizza &#8211; it&#8217;s about quality, taste and a great overall experience.<\/p>\n<p data-start=\"278\" data-end=\"415\">We use fresh ingredients, make our dough from scratch every day and prepare each pizza with care to ensure the best taste and quality.<\/p>\n<p data-start=\"417\" data-end=\"605\">We are proud to be a preferred choice for both locals and visitors to the area. Whether it&#8217;s a quick lunch or a cozy takeaway, we ensure a great experience every time.<\/p>\n<p data-start=\"607\" data-end=\"677\">Easily order online and pick up your food freshly prepared and ready with no waiting time.<\/p>\n<p data-start=\"679\" data-end=\"744\">Our pizza is made with passion, quality and craftsmanship.<\/p>\n\t\t<\/div>\n\t\t[\/vc_column][\/vc_row][vc_row][vc_column][vc_empty_space woodmart_hide_large=&#8221;0&#8243; woodmart_hide_medium=&#8221;0&#8243; woodmart_hide_small=&#8221;0&#8243;][\/vc_column][\/vc_row]<\/p>\n<\/div>","protected":false},"excerpt":{"rendered":"<p>[vc_row full_width=&#8221;stretch_row&#8221; content_placement=&#8221;middle&#8221; woodmart_css_id=&#8221;699d65e810c53&#8243; responsive_spacing=&#8221;eyJwYXJhbV90eXBlIjoid29vZG1hcnRfcmVzcG9uc2l2ZV9zcGFjaW5nIiwic2VsZWN0b3JfaWQiOiI2OTlkNjVlODEwYzUzIiwic2hvcnRjb2RlIjoidmNfcm93IiwiZGF0YSI6eyJ0YWJsZXQiOnsibWFyZ2luLXRvcCI6IjQwcHgiLCJib3JkZXItYm90dG9tLXdpZHRoIjoiNDBweCJ9LCJtb2JpbGUiOnsibWFyZ2luLXRvcCI6IjBweCIsImJvcmRlci1ib3R0b20td2lkdGgiOiIwcHgifX19&#8243; mobile_bg_img_hidden=&#8221;no&#8221; tablet_bg_img_hidden=&#8221;no&#8221; woodmart_parallax=&#8221;0&#8243; woodmart_gradient_switch=&#8221;no&#8221; woodmart_box_shadow=&#8221;no&#8221; wd_z_index=&#8221;no&#8221; woodmart_disable_overflow=&#8221;0&#8243; row_reverse_mobile=&#8221;1&#8243; row_reverse_tablet=&#8221;1&#8243; css=&#8221;.vc_custom_1771922929678{margin-top: 60px !important;border-bottom-width: 100px !important;}&#8221;][vc_column offset=&#8221;vc_col-md-6&#8243;<\/p>\n","protected":false},"author":2,"featured_media":0,"parent":0,"menu_order":0,"comment_status":"closed","ping_status":"closed","template":"","meta":{"footnotes":""},"class_list":["post-10838","page","type-page","status-publish","hentry"],"yoast_head":"<!-- This site is optimized with the Yoast SEO Premium plugin v23.2 (Yoast SEO v27.4) - https:\/\/yoast.com\/product\/yoast-seo-premium-wordpress\/ -->\n<title>About Us - Marsk Pizza R\u00f8m\u00f8<\/title>\n<meta name=\"robots\" content=\"index, follow, max-snippet:-1, max-image-preview:large, max-video-preview:-1\" \/>\n<link rel=\"canonical\" href=\"https:\/\/xn--marskpizza-rm-mnbb.dk\/en\/about-us\/\" \/>\n<meta property=\"og:locale\" content=\"en_US\" \/>\n<meta property=\"og:type\" content=\"article\" \/>\n<meta property=\"og:title\" content=\"About Us\" \/>\n<meta property=\"og:description\" content=\"[vc_row full_width=&#8221;stretch_row&#8221; content_placement=&#8221;middle&#8221; woodmart_css_id=&#8221;699d65e810c53&#8243; responsive_spacing=&#8221;eyJwYXJhbV90eXBlIjoid29vZG1hcnRfcmVzcG9uc2l2ZV9zcGFjaW5nIiwic2VsZWN0b3JfaWQiOiI2OTlkNjVlODEwYzUzIiwic2hvcnRjb2RlIjoidmNfcm93IiwiZGF0YSI6eyJ0YWJsZXQiOnsibWFyZ2luLXRvcCI6IjQwcHgiLCJib3JkZXItYm90dG9tLXdpZHRoIjoiNDBweCJ9LCJtb2JpbGUiOnsibWFyZ2luLXRvcCI6IjBweCIsImJvcmRlci1ib3R0b20td2lkdGgiOiIwcHgifX19&#8243; mobile_bg_img_hidden=&#8221;no&#8221; tablet_bg_img_hidden=&#8221;no&#8221; woodmart_parallax=&#8221;0&#8243; woodmart_gradient_switch=&#8221;no&#8221; woodmart_box_shadow=&#8221;no&#8221; wd_z_index=&#8221;no&#8221; woodmart_disable_overflow=&#8221;0&#8243; row_reverse_mobile=&#8221;1&#8243; row_reverse_tablet=&#8221;1&#8243; css=&#8221;.vc_custom_1771922929678{margin-top: 60px !important;border-bottom-width: 100px !important;}&#8221;][vc_column offset=&#8221;vc_col-md-6&#8243;\" \/>\n<meta property=\"og:url\" content=\"https:\/\/xn--marskpizza-rm-mnbb.dk\/en\/about-us\/\" \/>\n<meta property=\"og:site_name\" content=\"Marsk Pizza R\u00f8m\u00f8\" \/>\n<meta property=\"article:modified_time\" content=\"2026-04-16T08:48:01+00:00\" \/>\n<meta name=\"twitter:card\" content=\"summary_large_image\" \/>\n<meta name=\"twitter:label1\" content=\"Est. reading time\" \/>\n\t<meta name=\"twitter:data1\" content=\"4 minutes\" \/>\n<script type=\"application\/ld+json\" class=\"yoast-schema-graph\">{\"@context\":\"https:\\\/\\\/schema.org\",\"@graph\":[{\"@type\":\"WebPage\",\"@id\":\"https:\\\/\\\/xn--marskpizza-rm-mnbb.dk\\\/en\\\/about-us\\\/\",\"url\":\"https:\\\/\\\/xn--marskpizza-rm-mnbb.dk\\\/en\\\/about-us\\\/\",\"name\":\"About Us - Marsk Pizza R\u00f8m\u00f8\",\"isPartOf\":{\"@id\":\"https:\\\/\\\/xn--marskpizza-rm-mnbb.dk\\\/en\\\/#website\"},\"datePublished\":\"2025-05-13T08:19:12+00:00\",\"dateModified\":\"2026-04-16T08:48:01+00:00\",\"breadcrumb\":{\"@id\":\"https:\\\/\\\/xn--marskpizza-rm-mnbb.dk\\\/en\\\/about-us\\\/#breadcrumb\"},\"inLanguage\":\"en-US\",\"potentialAction\":[{\"@type\":\"ReadAction\",\"target\":[\"https:\\\/\\\/xn--marskpizza-rm-mnbb.dk\\\/en\\\/about-us\\\/\"]}]},{\"@type\":\"BreadcrumbList\",\"@id\":\"https:\\\/\\\/xn--marskpizza-rm-mnbb.dk\\\/en\\\/about-us\\\/#breadcrumb\",\"itemListElement\":[{\"@type\":\"ListItem\",\"position\":1,\"name\":\"Hjem\",\"item\":\"https:\\\/\\\/xn--marskpizza-rm-mnbb.dk\\\/en\\\/\"},{\"@type\":\"ListItem\",\"position\":2,\"name\":\"About Us\"}]},{\"@type\":\"WebSite\",\"@id\":\"https:\\\/\\\/xn--marskpizza-rm-mnbb.dk\\\/en\\\/#website\",\"url\":\"https:\\\/\\\/xn--marskpizza-rm-mnbb.dk\\\/en\\\/\",\"name\":\"Marsk Pizza R\u00f8m\u00f8\",\"description\":\"Pizza - Burger - Calzone Pizza - Pitabr\u00f8d - Grill retter - Durum - Pastaretter i R\u00f8m\u00f8\",\"potentialAction\":[{\"@type\":\"SearchAction\",\"target\":{\"@type\":\"EntryPoint\",\"urlTemplate\":\"https:\\\/\\\/xn--marskpizza-rm-mnbb.dk\\\/en\\\/?s={search_term_string}\"},\"query-input\":{\"@type\":\"PropertyValueSpecification\",\"valueRequired\":true,\"valueName\":\"search_term_string\"}}],\"inLanguage\":\"en-US\"}]}<\/script>\n<!-- \/ Yoast SEO Premium plugin. -->","yoast_head_json":{"title":"About Us - Marsk Pizza R\u00f8m\u00f8","robots":{"index":"index","follow":"follow","max-snippet":"max-snippet:-1","max-image-preview":"max-image-preview:large","max-video-preview":"max-video-preview:-1"},"canonical":"https:\/\/xn--marskpizza-rm-mnbb.dk\/en\/about-us\/","og_locale":"en_US","og_type":"article","og_title":"About Us","og_description":"[vc_row full_width=&#8221;stretch_row&#8221; content_placement=&#8221;middle&#8221; woodmart_css_id=&#8221;699d65e810c53&#8243; responsive_spacing=&#8221;eyJwYXJhbV90eXBlIjoid29vZG1hcnRfcmVzcG9uc2l2ZV9zcGFjaW5nIiwic2VsZWN0b3JfaWQiOiI2OTlkNjVlODEwYzUzIiwic2hvcnRjb2RlIjoidmNfcm93IiwiZGF0YSI6eyJ0YWJsZXQiOnsibWFyZ2luLXRvcCI6IjQwcHgiLCJib3JkZXItYm90dG9tLXdpZHRoIjoiNDBweCJ9LCJtb2JpbGUiOnsibWFyZ2luLXRvcCI6IjBweCIsImJvcmRlci1ib3R0b20td2lkdGgiOiIwcHgifX19&#8243; mobile_bg_img_hidden=&#8221;no&#8221; tablet_bg_img_hidden=&#8221;no&#8221; woodmart_parallax=&#8221;0&#8243; woodmart_gradient_switch=&#8221;no&#8221; woodmart_box_shadow=&#8221;no&#8221; wd_z_index=&#8221;no&#8221; woodmart_disable_overflow=&#8221;0&#8243; row_reverse_mobile=&#8221;1&#8243; row_reverse_tablet=&#8221;1&#8243; css=&#8221;.vc_custom_1771922929678{margin-top: 60px !important;border-bottom-width: 100px !important;}&#8221;][vc_column offset=&#8221;vc_col-md-6&#8243;","og_url":"https:\/\/xn--marskpizza-rm-mnbb.dk\/en\/about-us\/","og_site_name":"Marsk Pizza R\u00f8m\u00f8","article_modified_time":"2026-04-16T08:48:01+00:00","twitter_card":"summary_large_image","twitter_misc":{"Est. reading time":"4 minutes"},"schema":{"@context":"https:\/\/schema.org","@graph":[{"@type":"WebPage","@id":"https:\/\/xn--marskpizza-rm-mnbb.dk\/en\/about-us\/","url":"https:\/\/xn--marskpizza-rm-mnbb.dk\/en\/about-us\/","name":"About Us - Marsk Pizza R\u00f8m\u00f8","isPartOf":{"@id":"https:\/\/xn--marskpizza-rm-mnbb.dk\/en\/#website"},"datePublished":"2025-05-13T08:19:12+00:00","dateModified":"2026-04-16T08:48:01+00:00","breadcrumb":{"@id":"https:\/\/xn--marskpizza-rm-mnbb.dk\/en\/about-us\/#breadcrumb"},"inLanguage":"en-US","potentialAction":[{"@type":"ReadAction","target":["https:\/\/xn--marskpizza-rm-mnbb.dk\/en\/about-us\/"]}]},{"@type":"BreadcrumbList","@id":"https:\/\/xn--marskpizza-rm-mnbb.dk\/en\/about-us\/#breadcrumb","itemListElement":[{"@type":"ListItem","position":1,"name":"Hjem","item":"https:\/\/xn--marskpizza-rm-mnbb.dk\/en\/"},{"@type":"ListItem","position":2,"name":"About Us"}]},{"@type":"WebSite","@id":"https:\/\/xn--marskpizza-rm-mnbb.dk\/en\/#website","url":"https:\/\/xn--marskpizza-rm-mnbb.dk\/en\/","name":"Marsk Pizza R\u00f8m\u00f8","description":"Pizza - Burger - Calzone Pizza - Pitabr\u00f8d - Grill retter - Durum - Pastaretter i R\u00f8m\u00f8","potentialAction":[{"@type":"SearchAction","target":{"@type":"EntryPoint","urlTemplate":"https:\/\/xn--marskpizza-rm-mnbb.dk\/en\/?s={search_term_string}"},"query-input":{"@type":"PropertyValueSpecification","valueRequired":true,"valueName":"search_term_string"}}],"inLanguage":"en-US"}]}},"_links":{"self":[{"href":"https:\/\/xn--marskpizza-rm-mnbb.dk\/en\/wp-json\/wp\/v2\/pages\/10838","targetHints":{"allow":["GET"]}}],"collection":[{"href":"https:\/\/xn--marskpizza-rm-mnbb.dk\/en\/wp-json\/wp\/v2\/pages"}],"about":[{"href":"https:\/\/xn--marskpizza-rm-mnbb.dk\/en\/wp-json\/wp\/v2\/types\/page"}],"author":[{"embeddable":true,"href":"https:\/\/xn--marskpizza-rm-mnbb.dk\/en\/wp-json\/wp\/v2\/users\/2"}],"replies":[{"embeddable":true,"href":"https:\/\/xn--marskpizza-rm-mnbb.dk\/en\/wp-json\/wp\/v2\/comments?post=10838"}],"version-history":[{"count":3,"href":"https:\/\/xn--marskpizza-rm-mnbb.dk\/en\/wp-json\/wp\/v2\/pages\/10838\/revisions"}],"predecessor-version":[{"id":10852,"href":"https:\/\/xn--marskpizza-rm-mnbb.dk\/en\/wp-json\/wp\/v2\/pages\/10838\/revisions\/10852"}],"wp:attachment":[{"href":"https:\/\/xn--marskpizza-rm-mnbb.dk\/en\/wp-json\/wp\/v2\/media?parent=10838"}],"curies":[{"name":"wp","href":"https:\/\/api.w.org\/{rel}","templated":true}]}}